{"id":92871,"date":"2019-07-11T13:53:23","date_gmt":"2019-07-11T13:53:23","guid":{"rendered":"https:\/\/www.3p-gmbh.de\/produkt\/systeme-de-purification-deau-draabe-di-puls\/"},"modified":"2019-07-11T13:53:23","modified_gmt":"2019-07-11T13:53:23","slug":"systeme-de-traitement-de-leau-pure-draabe","status":"publish","type":"product","link":"https:\/\/www.3p-gmbh.de\/fr\/produkt\/systeme-de-traitement-de-leau-pure-draabe\/","title":{"rendered":"Syst\u00e8me de purification d&rsquo;eau Draabe DI-Puls"},"content":{"rendered":"<p>Le syst\u00e8me de traitement de l&rsquo;eau avec syst\u00e8me d&rsquo;humidification de l&rsquo;air DI-Puls pour l&rsquo;alimentation en eau de process et l&rsquo;installation d&rsquo;humidification de l&rsquo;air dans la salle d&rsquo;impression, construit en 2003, est con\u00e7u pour une halle d&rsquo;environ 3000 m\u00e8tres carr\u00e9s, compos\u00e9e de :<\/p>\n<ul>\n<li>Rail d&rsquo;installation<\/li>\n<li>Adoucisseur d&rsquo;eau AC 40-100<\/li>\n<li>1 m\u00e9moire d&rsquo;expansion<\/li>\n<li>R\u00e9servoir d&rsquo;eau pure 400 litres avec pression de service de 10 bar<\/li>\n<li>Dosage pour Aqua Plus DOS 05 D 100R<\/li>\n<li>Unit\u00e9 de signalisation de d\u00e9faut pour impulsion DI<\/li>\n<li>3 hygrostats SA pour la surveillance m\u00e9trologique<\/li>\n<li>Tuyauterie (d\u00e9mont\u00e9e)<\/li>\n<li>7 pi\u00e8ces DRAABE n\u00e9buliseur d&rsquo;eau pure haute pression DI-Flex HT, y compris support mural<\/li>\n<li>sans conduite d&rsquo;air comprim\u00e9 ni c\u00e2blage<\/li>\n<\/ul>\n<p>Attention : Le syst\u00e8me d&rsquo;eau pure en conteneur Concept 2000 type CSF 2121 ainsi que le syst\u00e8me haute pression Draabe HPS 200 doivent \u00eatre lou\u00e9s s\u00e9par\u00e9ment aupr\u00e8s de Draabe et sont ensuite remplac\u00e9s tous les 6 \u00e0 8 mois en une seule fois pour la maintenance, la location en Allemagne s&rsquo;\u00e9l\u00e8ve \u00e0 environ 200 euros par mois, y compris la maintenance des deux conteneurs.<\/p>\n","protected":false},"excerpt":{"rendered":"<p>Le syst\u00e8me de traitement de l&rsquo;eau avec syst\u00e8me d&rsquo;humidification de l&rsquo;air DI-Puls pour l&rsquo;alimentation en eau de process et l&rsquo;installation d&rsquo;humidification de l&rsquo;air dans la salle d&rsquo;impression, construit en 2003, est con\u00e7u pour une halle d&rsquo;environ 3000 m\u00e8tres carr\u00e9s, compos\u00e9e de : Rail d&rsquo;installation Adoucisseur d&rsquo;eau AC 40-100 1 m\u00e9moire d&rsquo;expansion R\u00e9servoir d&rsquo;eau pure 400 [&hellip;]<\/p>\n","protected":false},"featured_media":54856,"template":"","meta":[],"product_brand":[],"product_cat":[2902],"product_tag":[],"class_list":{"0":"post-92871","1":"product","2":"type-product","3":"status-publish","4":"has-post-thumbnail","6":"product_cat-accessoires-et-pieces-de-rechange-pour-machines-dimpression","7":"pa_baujahr-182","8":"pa_hersteller-draabe","9":"pa_typ-luftbefeuchtungssystem-di-puls","11":"first","12":"instock","13":"sold-individually","14":"taxable","15":"shipping-taxable","16":"purchasable","17":"product-type-simple"},"jetpack_sharing_enabled":true,"_links":{"self":[{"href":"https:\/\/www.3p-gmbh.de\/fr\/wp-json\/wp\/v2\/product\/92871","targetHints":{"allow":["GET"]}}],"collection":[{"href":"https:\/\/www.3p-gmbh.de\/fr\/wp-json\/wp\/v2\/product"}],"about":[{"href":"https:\/\/www.3p-gmbh.de\/fr\/wp-json\/wp\/v2\/types\/product"}],"wp:featuredmedia":[{"embeddable":true,"href":"https:\/\/www.3p-gmbh.de\/fr\/wp-json\/wp\/v2\/media\/54856"}],"wp:attachment":[{"href":"https:\/\/www.3p-gmbh.de\/fr\/wp-json\/wp\/v2\/media?parent=92871"}],"wp:term":[{"taxonomy":"product_brand","embeddable":true,"href":"https:\/\/www.3p-gmbh.de\/fr\/wp-json\/wp\/v2\/product_brand?post=92871"},{"taxonomy":"product_cat","embeddable":true,"href":"https:\/\/www.3p-gmbh.de\/fr\/wp-json\/wp\/v2\/product_cat?post=92871"},{"taxonomy":"product_tag","embeddable":true,"href":"https:\/\/www.3p-gmbh.de\/fr\/wp-json\/wp\/v2\/product_tag?post=92871"}],"curies":[{"name":"wp","href":"https:\/\/api.w.org\/{rel}","templated":true}]}}