{"id":92863,"date":"2019-07-11T13:53:23","date_gmt":"2019-07-11T13:53:23","guid":{"rendered":"https:\/\/www.3p-gmbh.de\/produkt\/hachette-1200-s-m-decoupeuse-de-plaques-dimpression\/"},"modified":"2019-07-11T13:53:23","modified_gmt":"2019-07-11T13:53:23","slug":"decoupe-de-plaques-5","status":"publish","type":"product","link":"https:\/\/www.3p-gmbh.de\/fr\/produkt\/decoupe-de-plaques-5\/","title":{"rendered":"Hachette 1200-S-M D\u00e9coupeuse de plaques d&rsquo;impression"},"content":{"rendered":"<ul>\n<li>Perforatrice de plaques avec perforation 780 mm, centrage central et contr\u00f4le \u00e9lectrique de la but\u00e9e pour Roland 330\/700\/800\/900 et registre de films Grapho Metronic<\/li>\n<li>pour les plaques fabriqu\u00e9es dans les syst\u00e8mes CTP, mais aussi pour les machines d&rsquo;impression de Heidelberg 52, 74, 102, 142 et s\u00e9rie XL ainsi que KBA Rapida 74\/105\/106\/130a\/130 et 142<\/li>\n<\/ul>\n","protected":false},"excerpt":{"rendered":"<p>Perforatrice de plaques avec perforation 780 mm, centrage central et contr\u00f4le \u00e9lectrique de la but\u00e9e pour Roland 330\/700\/800\/900 et registre de films Grapho Metronic pour les plaques fabriqu\u00e9es dans les syst\u00e8mes CTP, mais aussi pour les machines d&rsquo;impression de Heidelberg 52, 74, 102, 142 et s\u00e9rie XL ainsi que KBA Rapida 74\/105\/106\/130a\/130 et 142<\/p>\n","protected":false},"featured_media":54866,"template":"","meta":[],"product_brand":[],"product_cat":[2902],"product_tag":[],"class_list":{"0":"post-92863","1":"product","2":"type-product","3":"status-publish","4":"has-post-thumbnail","6":"product_cat-accessoires-et-pieces-de-rechange-pour-machines-dimpression","7":"pa_baujahr-123","8":"pa_hersteller-beil-grapho-metronic-man","9":"pa_typ-1200-s-m","11":"first","12":"instock","13":"sold-individually","14":"taxable","15":"shipping-taxable","16":"purchasable","17":"product-type-simple"},"jetpack_sharing_enabled":true,"_links":{"self":[{"href":"https:\/\/www.3p-gmbh.de\/fr\/wp-json\/wp\/v2\/product\/92863","targetHints":{"allow":["GET"]}}],"collection":[{"href":"https:\/\/www.3p-gmbh.de\/fr\/wp-json\/wp\/v2\/product"}],"about":[{"href":"https:\/\/www.3p-gmbh.de\/fr\/wp-json\/wp\/v2\/types\/product"}],"wp:featuredmedia":[{"embeddable":true,"href":"https:\/\/www.3p-gmbh.de\/fr\/wp-json\/wp\/v2\/media\/54866"}],"wp:attachment":[{"href":"https:\/\/www.3p-gmbh.de\/fr\/wp-json\/wp\/v2\/media?parent=92863"}],"wp:term":[{"taxonomy":"product_brand","embeddable":true,"href":"https:\/\/www.3p-gmbh.de\/fr\/wp-json\/wp\/v2\/product_brand?post=92863"},{"taxonomy":"product_cat","embeddable":true,"href":"https:\/\/www.3p-gmbh.de\/fr\/wp-json\/wp\/v2\/product_cat?post=92863"},{"taxonomy":"product_tag","embeddable":true,"href":"https:\/\/www.3p-gmbh.de\/fr\/wp-json\/wp\/v2\/product_tag?post=92863"}],"curies":[{"name":"wp","href":"https:\/\/api.w.org\/{rel}","templated":true}]}}