{"id":92858,"date":"2019-07-11T13:53:23","date_gmt":"2019-07-11T13:53:23","guid":{"rendered":"https:\/\/www.3p-gmbh.de\/produkt\/schneider-fs-80-margeur-denveloppes-a-flux-croise\/"},"modified":"2019-07-11T13:53:23","modified_gmt":"2019-07-11T13:53:23","slug":"depositaire-denveloppes-a-flux-tendu","status":"publish","type":"product","link":"https:\/\/www.3p-gmbh.de\/fr\/produkt\/depositaire-denveloppes-a-flux-tendu\/","title":{"rendered":"Schneider FS-80 Margeur d&rsquo;enveloppes \u00e0 flux crois\u00e9"},"content":{"rendered":"<ul>\n<li>avec sortie \u00e0 \u00e9cailles r\u00e9glable en hauteur (la vitesse est r\u00e9glable)<\/li>\n<li>Margeur \u00e0 succion non-stop pour les presses offset \u00e0 feuilles avec margeur feuille \u00e0 feuille ou margeur \u00e0 nappe (GTO, Speedmaster)<\/li>\n<li>vitesse jusqu&rsquo;\u00e0 15.000 feuilles\/h<\/li>\n<li>Formats de 100 x 100 mm \u00e0 360 x 360 mm<\/li>\n<li>grande capacit\u00e9 de pr\u00e9-empilage de 450 mm<\/li>\n<li>temps de mise en place court<\/li>\n<li>tr\u00e8s haute performance<\/li>\n<\/ul>\n","protected":false},"excerpt":{"rendered":"<p>avec sortie \u00e0 \u00e9cailles r\u00e9glable en hauteur (la vitesse est r\u00e9glable) Margeur \u00e0 succion non-stop pour les presses offset \u00e0 feuilles avec margeur feuille \u00e0 feuille ou margeur \u00e0 nappe (GTO, Speedmaster) vitesse jusqu&rsquo;\u00e0 15.000 feuilles\/h Formats de 100 x 100 mm \u00e0 360 x 360 mm grande capacit\u00e9 de pr\u00e9-empilage de 450 mm temps [&hellip;]<\/p>\n","protected":false},"featured_media":54865,"template":"","meta":[],"product_brand":[],"product_cat":[3029],"product_tag":[],"class_list":{"0":"post-92858","1":"product","2":"type-product","3":"status-publish","4":"has-post-thumbnail","6":"product_cat-investisseurs","7":"pa_baujahr-140","8":"pa_hersteller-schneider","9":"pa_typ-sf-80","11":"first","12":"instock","13":"sold-individually","14":"taxable","15":"shipping-taxable","16":"purchasable","17":"product-type-simple"},"jetpack_sharing_enabled":true,"_links":{"self":[{"href":"https:\/\/www.3p-gmbh.de\/fr\/wp-json\/wp\/v2\/product\/92858","targetHints":{"allow":["GET"]}}],"collection":[{"href":"https:\/\/www.3p-gmbh.de\/fr\/wp-json\/wp\/v2\/product"}],"about":[{"href":"https:\/\/www.3p-gmbh.de\/fr\/wp-json\/wp\/v2\/types\/product"}],"wp:featuredmedia":[{"embeddable":true,"href":"https:\/\/www.3p-gmbh.de\/fr\/wp-json\/wp\/v2\/media\/54865"}],"wp:attachment":[{"href":"https:\/\/www.3p-gmbh.de\/fr\/wp-json\/wp\/v2\/media?parent=92858"}],"wp:term":[{"taxonomy":"product_brand","embeddable":true,"href":"https:\/\/www.3p-gmbh.de\/fr\/wp-json\/wp\/v2\/product_brand?post=92858"},{"taxonomy":"product_cat","embeddable":true,"href":"https:\/\/www.3p-gmbh.de\/fr\/wp-json\/wp\/v2\/product_cat?post=92858"},{"taxonomy":"product_tag","embeddable":true,"href":"https:\/\/www.3p-gmbh.de\/fr\/wp-json\/wp\/v2\/product_tag?post=92858"}],"curies":[{"name":"wp","href":"https:\/\/api.w.org\/{rel}","templated":true}]}}