{"id":92853,"date":"2019-07-11T13:53:23","date_gmt":"2019-07-11T13:53:23","guid":{"rendered":"https:\/\/www.3p-gmbh.de\/produkt\/laco-sp-52-pm-unite-de-peinture-en-ligne\/"},"modified":"2019-07-11T13:53:23","modified_gmt":"2019-07-11T13:53:23","slug":"usine-de-peinture-en-ligne","status":"publish","type":"product","link":"https:\/\/www.3p-gmbh.de\/fr\/produkt\/usine-de-peinture-en-ligne\/","title":{"rendered":"LACO SP 52 PM Unit\u00e9 de peinture en ligne"},"content":{"rendered":"<ul>\n<li>Kit de mise \u00e0 niveau pour groupe de vernissage en ligne pour vernis \u00e0 dispersion, y compris le kit de mise \u00e0 niveau pour le vernis \u00e0 base de solvant. S\u00e8che-linge, etc.<\/li>\n<li>convient aux machines Printmaster PM version Plus<\/li>\n<li>surface maximale de peinture 490 x 340 mm<\/li>\n<li>bord de pr\u00e9hension env. 12 mm<\/li>\n<li>Vitesse de peinture 8.000 B\/h<\/li>\n<li>pour les vernis \u00e0 dispersion et les vernis blister<\/li>\n<li>Viscosit\u00e9s des vernis 30-40 s DIN 4<\/li>\n<\/ul>\n","protected":false},"excerpt":{"rendered":"<p>Kit de mise \u00e0 niveau pour groupe de vernissage en ligne pour vernis \u00e0 dispersion, y compris le kit de mise \u00e0 niveau pour le vernis \u00e0 base de solvant. S\u00e8che-linge, etc. convient aux machines Printmaster PM version Plus surface maximale de peinture 490 x 340 mm bord de pr\u00e9hension env. 12 mm Vitesse de [&hellip;]<\/p>\n","protected":false},"featured_media":54874,"template":"","meta":[],"product_brand":[],"product_cat":[2902],"product_tag":[],"class_list":{"0":"post-92853","1":"product","2":"type-product","3":"status-publish","4":"has-post-thumbnail","6":"product_cat-accessoires-et-pieces-de-rechange-pour-machines-dimpression","7":"pa_baujahr-198","8":"pa_hersteller-laco","9":"pa_typ-sp-52-pm","11":"first","12":"instock","13":"sold-individually","14":"taxable","15":"shipping-taxable","16":"purchasable","17":"product-type-simple"},"jetpack_sharing_enabled":true,"_links":{"self":[{"href":"https:\/\/www.3p-gmbh.de\/fr\/wp-json\/wp\/v2\/product\/92853","targetHints":{"allow":["GET"]}}],"collection":[{"href":"https:\/\/www.3p-gmbh.de\/fr\/wp-json\/wp\/v2\/product"}],"about":[{"href":"https:\/\/www.3p-gmbh.de\/fr\/wp-json\/wp\/v2\/types\/product"}],"wp:featuredmedia":[{"embeddable":true,"href":"https:\/\/www.3p-gmbh.de\/fr\/wp-json\/wp\/v2\/media\/54874"}],"wp:attachment":[{"href":"https:\/\/www.3p-gmbh.de\/fr\/wp-json\/wp\/v2\/media?parent=92853"}],"wp:term":[{"taxonomy":"product_brand","embeddable":true,"href":"https:\/\/www.3p-gmbh.de\/fr\/wp-json\/wp\/v2\/product_brand?post=92853"},{"taxonomy":"product_cat","embeddable":true,"href":"https:\/\/www.3p-gmbh.de\/fr\/wp-json\/wp\/v2\/product_cat?post=92853"},{"taxonomy":"product_tag","embeddable":true,"href":"https:\/\/www.3p-gmbh.de\/fr\/wp-json\/wp\/v2\/product_tag?post=92853"}],"curies":[{"name":"wp","href":"https:\/\/api.w.org\/{rel}","templated":true}]}}