{"id":92841,"date":"2019-07-11T13:53:00","date_gmt":"2019-07-11T13:53:00","guid":{"rendered":"https:\/\/www.3p-gmbh.de\/produkt\/busch-swh-90-la-retourneur-de-pile\/"},"modified":"2019-07-11T13:53:00","modified_gmt":"2019-07-11T13:53:00","slug":"retourneurs-de-piles","status":"publish","type":"product","link":"https:\/\/www.3p-gmbh.de\/fr\/produkt\/retourneurs-de-piles\/","title":{"rendered":"Busch SWH 90 LA Retourneur de pile"},"content":{"rendered":"<ul>\n<li>Plate-forme avec plaques de limitation de pression<\/li>\n<li>Dispositif de ventilation avec r\u00e9gulation de la circulation d&rsquo;air<\/li>\n<li>Dispositif d&rsquo;inclinaison de 15 degr\u00e9s, avec r\u00e8gle d&rsquo;alignement<\/li>\n<li>format utile 600 x 750mm<\/li>\n<li>Hauteur d&#8217;empilage max. 1200 mm<\/li>\n<li>Hauteur d&#8217;empilage min. 290 mm<\/li>\n<li>Poids de la pile 500 kg<\/li>\n<li>avec pupitre de commande pivotant<\/li>\n<\/ul>\n","protected":false},"excerpt":{"rendered":"<p>Plate-forme avec plaques de limitation de pression Dispositif de ventilation avec r\u00e9gulation de la circulation d&rsquo;air Dispositif d&rsquo;inclinaison de 15 degr\u00e9s, avec r\u00e8gle d&rsquo;alignement format utile 600 x 750mm Hauteur d&#8217;empilage max. 1200 mm Hauteur d&#8217;empilage min. 290 mm Poids de la pile 500 kg avec pupitre de commande pivotant<\/p>\n","protected":false},"featured_media":54708,"template":"","meta":[],"product_brand":[],"product_cat":[2896],"product_tag":[],"class_list":{"0":"post-92841","1":"product","2":"type-product","3":"status-publish","4":"has-post-thumbnail","6":"product_cat-retourneur-de-piles","7":"pa_baujahr-188","8":"pa_hersteller-buschgraph","9":"pa_typ-swh-90-la","11":"first","12":"instock","13":"sold-individually","14":"taxable","15":"shipping-taxable","16":"purchasable","17":"product-type-simple"},"jetpack_sharing_enabled":true,"_links":{"self":[{"href":"https:\/\/www.3p-gmbh.de\/fr\/wp-json\/wp\/v2\/product\/92841","targetHints":{"allow":["GET"]}}],"collection":[{"href":"https:\/\/www.3p-gmbh.de\/fr\/wp-json\/wp\/v2\/product"}],"about":[{"href":"https:\/\/www.3p-gmbh.de\/fr\/wp-json\/wp\/v2\/types\/product"}],"wp:featuredmedia":[{"embeddable":true,"href":"https:\/\/www.3p-gmbh.de\/fr\/wp-json\/wp\/v2\/media\/54708"}],"wp:attachment":[{"href":"https:\/\/www.3p-gmbh.de\/fr\/wp-json\/wp\/v2\/media?parent=92841"}],"wp:term":[{"taxonomy":"product_brand","embeddable":true,"href":"https:\/\/www.3p-gmbh.de\/fr\/wp-json\/wp\/v2\/product_brand?post=92841"},{"taxonomy":"product_cat","embeddable":true,"href":"https:\/\/www.3p-gmbh.de\/fr\/wp-json\/wp\/v2\/product_cat?post=92841"},{"taxonomy":"product_tag","embeddable":true,"href":"https:\/\/www.3p-gmbh.de\/fr\/wp-json\/wp\/v2\/product_tag?post=92841"}],"curies":[{"name":"wp","href":"https:\/\/api.w.org\/{rel}","templated":true}]}}