{"id":92838,"date":"2019-07-11T13:53:00","date_gmt":"2019-07-11T13:53:00","guid":{"rendered":"https:\/\/www.3p-gmbh.de\/produkt\/systeme-de-controle-de-trajectoire-elguider\/"},"modified":"2019-07-11T13:53:00","modified_gmt":"2019-07-11T13:53:00","slug":"systeme-de-controle-de-la-trajectoire","status":"publish","type":"product","link":"https:\/\/www.3p-gmbh.de\/fr\/produkt\/systeme-de-controle-de-la-trajectoire\/","title":{"rendered":"Syst\u00e8me de contr\u00f4le de trajectoire Elguider"},"content":{"rendered":"<p>Le syst\u00e8me de guidage de bande ELGUIDER avec commande DCS a une largeur de travail de 800 mm. Ce syst\u00e8me a pour mission d&rsquo;\u00e9liminer les facteurs d&rsquo;influence d&rsquo;erreur, d&rsquo;aligner en permanence la bande avec une position exacte et de garantir une construction pr\u00e9cise de l&rsquo;enroulement.<\/p>\n","protected":false},"excerpt":{"rendered":"<p>Le syst\u00e8me de guidage de bande ELGUIDER avec commande DCS a une largeur de travail de 800 mm. Ce syst\u00e8me a pour mission d&rsquo;\u00e9liminer les facteurs d&rsquo;influence d&rsquo;erreur, d&rsquo;aligner en permanence la bande avec une position exacte et de garantir une construction pr\u00e9cise de l&rsquo;enroulement.<\/p>\n","protected":false},"featured_media":54717,"template":"","meta":[],"product_brand":[],"product_cat":[2902],"product_tag":[],"class_list":{"0":"post-92838","1":"product","2":"type-product","3":"status-publish","4":"has-post-thumbnail","6":"product_cat-accessoires-et-pieces-de-rechange-pour-machines-dimpression","7":"pa_baujahr-198","8":"pa_hersteller-erhardtleimer-gmbh","9":"pa_typ-elguider","11":"first","12":"instock","13":"sold-individually","14":"taxable","15":"shipping-taxable","16":"purchasable","17":"product-type-simple"},"jetpack_sharing_enabled":true,"_links":{"self":[{"href":"https:\/\/www.3p-gmbh.de\/fr\/wp-json\/wp\/v2\/product\/92838","targetHints":{"allow":["GET"]}}],"collection":[{"href":"https:\/\/www.3p-gmbh.de\/fr\/wp-json\/wp\/v2\/product"}],"about":[{"href":"https:\/\/www.3p-gmbh.de\/fr\/wp-json\/wp\/v2\/types\/product"}],"wp:featuredmedia":[{"embeddable":true,"href":"https:\/\/www.3p-gmbh.de\/fr\/wp-json\/wp\/v2\/media\/54717"}],"wp:attachment":[{"href":"https:\/\/www.3p-gmbh.de\/fr\/wp-json\/wp\/v2\/media?parent=92838"}],"wp:term":[{"taxonomy":"product_brand","embeddable":true,"href":"https:\/\/www.3p-gmbh.de\/fr\/wp-json\/wp\/v2\/product_brand?post=92838"},{"taxonomy":"product_cat","embeddable":true,"href":"https:\/\/www.3p-gmbh.de\/fr\/wp-json\/wp\/v2\/product_cat?post=92838"},{"taxonomy":"product_tag","embeddable":true,"href":"https:\/\/www.3p-gmbh.de\/fr\/wp-json\/wp\/v2\/product_tag?post=92838"}],"curies":[{"name":"wp","href":"https:\/\/api.w.org\/{rel}","templated":true}]}}