{"id":92835,"date":"2019-07-11T13:53:00","date_gmt":"2019-07-11T13:53:00","guid":{"rendered":"https:\/\/www.3p-gmbh.de\/produkt\/justfeed-kit-universel-dimpression-denveloppes\/"},"modified":"2019-07-11T13:53:00","modified_gmt":"2019-07-11T13:53:00","slug":"aide-a-limpression-denveloppes","status":"publish","type":"product","link":"https:\/\/www.3p-gmbh.de\/fr\/produkt\/aide-a-limpression-denveloppes\/","title":{"rendered":"JustFeed Kit universel d&rsquo;impression d&rsquo;enveloppes"},"content":{"rendered":"<ul>\n<li>kit complet JustFeed Universal<\/li>\n<li>enti\u00e8rement fonctionnel<\/li>\n<li>quatre aides \u00e0 l&#8217;empilage compensent les diff\u00e9rences de hauteur des enveloppes empil\u00e9es<\/li>\n<li>pour les formats DIN C5\/C6, B5, C4, B4<\/li>\n<\/ul>\n","protected":false},"excerpt":{"rendered":"<p>kit complet JustFeed Universal enti\u00e8rement fonctionnel quatre aides \u00e0 l&#8217;empilage compensent les diff\u00e9rences de hauteur des enveloppes empil\u00e9es pour les formats DIN C5\/C6, B5, C4, B4<\/p>\n","protected":false},"featured_media":54729,"template":"","meta":[],"product_brand":[],"product_cat":[2902],"product_tag":[],"class_list":{"0":"post-92835","1":"product","2":"type-product","3":"status-publish","4":"has-post-thumbnail","6":"product_cat-accessoires-et-pieces-de-rechange-pour-machines-dimpression","7":"pa_baujahr-168","8":"pa_hersteller-justfeed","9":"pa_typ-justfeed-universal","11":"first","12":"instock","13":"sold-individually","14":"taxable","15":"shipping-taxable","16":"purchasable","17":"product-type-simple"},"jetpack_sharing_enabled":true,"_links":{"self":[{"href":"https:\/\/www.3p-gmbh.de\/fr\/wp-json\/wp\/v2\/product\/92835","targetHints":{"allow":["GET"]}}],"collection":[{"href":"https:\/\/www.3p-gmbh.de\/fr\/wp-json\/wp\/v2\/product"}],"about":[{"href":"https:\/\/www.3p-gmbh.de\/fr\/wp-json\/wp\/v2\/types\/product"}],"wp:featuredmedia":[{"embeddable":true,"href":"https:\/\/www.3p-gmbh.de\/fr\/wp-json\/wp\/v2\/media\/54729"}],"wp:attachment":[{"href":"https:\/\/www.3p-gmbh.de\/fr\/wp-json\/wp\/v2\/media?parent=92835"}],"wp:term":[{"taxonomy":"product_brand","embeddable":true,"href":"https:\/\/www.3p-gmbh.de\/fr\/wp-json\/wp\/v2\/product_brand?post=92835"},{"taxonomy":"product_cat","embeddable":true,"href":"https:\/\/www.3p-gmbh.de\/fr\/wp-json\/wp\/v2\/product_cat?post=92835"},{"taxonomy":"product_tag","embeddable":true,"href":"https:\/\/www.3p-gmbh.de\/fr\/wp-json\/wp\/v2\/product_tag?post=92835"}],"curies":[{"name":"wp","href":"https:\/\/api.w.org\/{rel}","templated":true}]}}