{"id":92827,"date":"2019-07-11T13:53:00","date_gmt":"2019-07-11T13:53:00","guid":{"rendered":"https:\/\/www.3p-gmbh.de\/produkt\/hachette-1200-780-decoupeuse-de-plaques-dimpression-grand-format\/"},"modified":"2019-07-11T13:53:00","modified_gmt":"2019-07-11T13:53:00","slug":"poinconneuse-a-plaque-grand-format","status":"publish","type":"product","link":"https:\/\/www.3p-gmbh.de\/fr\/produkt\/poinconneuse-a-plaque-grand-format\/","title":{"rendered":"Hachette 1200-780 D\u00e9coupeuse de plaques d&rsquo;impression grand format"},"content":{"rendered":"<ul>\n<li>poin\u00e7onneuse pneumatique de plaques avec perforation autoplaque 1200 et 780 mm<\/li>\n<li>avec centrage central et contr\u00f4le \u00e9lectrique de la but\u00e9e<\/li>\n<li>pour Heidelberg XL 145, XL 165<\/li>\n<li>pour les panneaux produits avec le syst\u00e8me CtP jusqu&rsquo;\u00e0 173 cm de large<\/li>\n<\/ul>\n","protected":false},"excerpt":{"rendered":"<p>poin\u00e7onneuse pneumatique de plaques avec perforation autoplaque 1200 et 780 mm avec centrage central et contr\u00f4le \u00e9lectrique de la but\u00e9e pour Heidelberg XL 145, XL 165 pour les panneaux produits avec le syst\u00e8me CtP jusqu&rsquo;\u00e0 173 cm de large<\/p>\n","protected":false},"featured_media":54735,"template":"","meta":[],"product_brand":[],"product_cat":[2902],"product_tag":[],"class_list":{"0":"post-92827","1":"product","2":"type-product","3":"status-publish","4":"has-post-thumbnail","6":"product_cat-accessoires-et-pieces-de-rechange-pour-machines-dimpression","7":"pa_baujahr-326","8":"pa_hersteller-beil","9":"pa_typ-1200-780-748-s-apl2-p","11":"first","12":"instock","13":"sold-individually","14":"taxable","15":"shipping-taxable","16":"purchasable","17":"product-type-simple"},"jetpack_sharing_enabled":true,"_links":{"self":[{"href":"https:\/\/www.3p-gmbh.de\/fr\/wp-json\/wp\/v2\/product\/92827","targetHints":{"allow":["GET"]}}],"collection":[{"href":"https:\/\/www.3p-gmbh.de\/fr\/wp-json\/wp\/v2\/product"}],"about":[{"href":"https:\/\/www.3p-gmbh.de\/fr\/wp-json\/wp\/v2\/types\/product"}],"wp:featuredmedia":[{"embeddable":true,"href":"https:\/\/www.3p-gmbh.de\/fr\/wp-json\/wp\/v2\/media\/54735"}],"wp:attachment":[{"href":"https:\/\/www.3p-gmbh.de\/fr\/wp-json\/wp\/v2\/media?parent=92827"}],"wp:term":[{"taxonomy":"product_brand","embeddable":true,"href":"https:\/\/www.3p-gmbh.de\/fr\/wp-json\/wp\/v2\/product_brand?post=92827"},{"taxonomy":"product_cat","embeddable":true,"href":"https:\/\/www.3p-gmbh.de\/fr\/wp-json\/wp\/v2\/product_cat?post=92827"},{"taxonomy":"product_tag","embeddable":true,"href":"https:\/\/www.3p-gmbh.de\/fr\/wp-json\/wp\/v2\/product_tag?post=92827"}],"curies":[{"name":"wp","href":"https:\/\/api.w.org\/{rel}","templated":true}]}}