{"id":92819,"date":"2019-07-11T13:53:09","date_gmt":"2019-07-11T13:53:09","guid":{"rendered":"https:\/\/www.3p-gmbh.de\/produkt\/pompes-a-peinture-pneumatiques-betz-p-100-f\/"},"modified":"2019-07-11T13:53:09","modified_gmt":"2019-07-11T13:53:09","slug":"pompes-a-peinture-pneumatiques","status":"publish","type":"product","link":"https:\/\/www.3p-gmbh.de\/fr\/produkt\/pompes-a-peinture-pneumatiques\/","title":{"rendered":"Pompes \u00e0 peinture pneumatiques Betz P 100-F"},"content":{"rendered":"<ul>\n<li>4 pompes \u00e0 peinture pneumatiques pour vider les conteneurs interchangeables de 300Kg<\/li>\n<li>avec terminal de surveillance<\/li>\n<li>La fabrication d&rsquo;une conduite d&rsquo;encre permet d&rsquo;alimenter directement les machines \u00e0 feuilles et \u00e0 rouleaux en encres d&rsquo;imprimerie de moyenne et haute viscosit\u00e9.<\/li>\n<li>Rapport de transmission 16:1<\/li>\n<li>Consommation d&rsquo;air comprim\u00e9 8 bar<\/li>\n<\/ul>\n","protected":false},"excerpt":{"rendered":"<p>4 pompes \u00e0 peinture pneumatiques pour vider les conteneurs interchangeables de 300Kg avec terminal de surveillance La fabrication d&rsquo;une conduite d&rsquo;encre permet d&rsquo;alimenter directement les machines \u00e0 feuilles et \u00e0 rouleaux en encres d&rsquo;imprimerie de moyenne et haute viscosit\u00e9. Rapport de transmission 16:1 Consommation d&rsquo;air comprim\u00e9 8 bar<\/p>\n","protected":false},"featured_media":54764,"template":"","meta":[],"product_brand":[],"product_cat":[2902],"product_tag":[],"class_list":{"0":"post-92819","1":"product","2":"type-product","3":"status-publish","4":"has-post-thumbnail","6":"product_cat-accessoires-et-pieces-de-rechange-pour-machines-dimpression","7":"pa_baujahr-194","8":"pa_hersteller-betz","9":"pa_typ-p-100-f","11":"first","12":"instock","13":"sold-individually","14":"taxable","15":"shipping-taxable","16":"purchasable","17":"product-type-simple"},"jetpack_sharing_enabled":true,"_links":{"self":[{"href":"https:\/\/www.3p-gmbh.de\/fr\/wp-json\/wp\/v2\/product\/92819","targetHints":{"allow":["GET"]}}],"collection":[{"href":"https:\/\/www.3p-gmbh.de\/fr\/wp-json\/wp\/v2\/product"}],"about":[{"href":"https:\/\/www.3p-gmbh.de\/fr\/wp-json\/wp\/v2\/types\/product"}],"wp:featuredmedia":[{"embeddable":true,"href":"https:\/\/www.3p-gmbh.de\/fr\/wp-json\/wp\/v2\/media\/54764"}],"wp:attachment":[{"href":"https:\/\/www.3p-gmbh.de\/fr\/wp-json\/wp\/v2\/media?parent=92819"}],"wp:term":[{"taxonomy":"product_brand","embeddable":true,"href":"https:\/\/www.3p-gmbh.de\/fr\/wp-json\/wp\/v2\/product_brand?post=92819"},{"taxonomy":"product_cat","embeddable":true,"href":"https:\/\/www.3p-gmbh.de\/fr\/wp-json\/wp\/v2\/product_cat?post=92819"},{"taxonomy":"product_tag","embeddable":true,"href":"https:\/\/www.3p-gmbh.de\/fr\/wp-json\/wp\/v2\/product_tag?post=92819"}],"curies":[{"name":"wp","href":"https:\/\/api.w.org\/{rel}","templated":true}]}}