{"id":92817,"date":"2019-07-11T13:53:00","date_gmt":"2019-07-11T13:53:00","guid":{"rendered":"https:\/\/www.3p-gmbh.de\/produkt\/pgf-maxifeeder-margeur-denveloppes\/"},"modified":"2019-07-11T13:53:00","modified_gmt":"2019-07-11T13:53:00","slug":"margeur-denveloppes","status":"publish","type":"product","link":"https:\/\/www.3p-gmbh.de\/fr\/produkt\/margeur-denveloppes\/","title":{"rendered":"PGF Maxifeeder Margeur d&rsquo;enveloppes"},"content":{"rendered":"<p>Le margeur d&rsquo;enveloppes le plus performant au monde. La plage de formats jusqu&rsquo;\u00e0 44 x 50 cm et le grand tambour de transport permettent d&rsquo;imprimer des enveloppes particuli\u00e8rement difficiles et des pochettes d&rsquo;exp\u00e9dition C4\/ B4 \u00e0 rabat ouvert. Le haut niveau d&rsquo;automatisation garantit un changement de format tr\u00e8s rapide, m\u00eame pour les petits tirages variables.<\/p>\n<p>&#8211; Min. Format 100 x 105 mm<br \/>\n&#8211; Max. format 450 x 500 mm<br \/>\n&#8211; Espace requis : min. 1,20 m<\/p>\n<p>Tambour d&rsquo;aspiration<br \/>\nLe tambour d&rsquo;aspiration sp\u00e9cialement con\u00e7u est dot\u00e9 d&rsquo;un deuxi\u00e8me axe rotatif pour les enveloppes particuli\u00e8rement \u00e9paisses et dures.<\/p>\n<p>V\u00e9rin de transport<br \/>\nLe cylindre de transport particuli\u00e8rement grand, avec un diam\u00e8tre de 240 mm et une sortie, transporte \u00e9galement les enveloppes et les pochettes d&rsquo;exp\u00e9dition grandes et difficiles.<\/p>\n<p>Correction des \u00e9cailles<br \/>\nCompense les \u00e9ventuelles irr\u00e9gularit\u00e9s de l&rsquo;\u00e9caille sur la table d&rsquo;introduction.<\/p>\n<p>Contr\u00f4le de la pile<br \/>\nDouble fonction pour l&rsquo;avertissement du couple d&#8217;empilage et de la marche \u00e0 vide avec signal pour la sortie.<br \/>\nLe contr\u00f4le de pile est le module de communication entre le feeder et la sortie. Si la pile est trop faible, l&rsquo;imprimante est automatiquement avertie de la n\u00e9cessit\u00e9 de recharger les enveloppes.<\/p>\n<p>Sortie en \u00e9cailles Syst\u00e8me B<br \/>\nCinq bandes transporteuses, des arceaux de guidage suppl\u00e9mentaires et une construction robuste constituent le standard \u00e9lev\u00e9 de la sortie Syst\u00e8me B.<\/p>\n<p>Dimensions : Longueur 135 cm, largeur 40 cm, hauteur 40 &#8211; 75 cm<br \/>\nLongueur d&rsquo;enveloppe jusqu&rsquo;\u00e0 450 mm<br \/>\nR\u00e9glable en hauteur<\/p>\n<p>Fonction d&rsquo;\u00e9jection rapide<br \/>\n\u00c9jection individuelle au pr\u00e9alable comme \u00e9chantillon pour contr\u00f4le.<\/p>\n<p>Autostop<br \/>\nArr\u00eat et d\u00e9marrage automatiques avec la machine \u00e0 imprimer.<\/p>\n","protected":false},"excerpt":{"rendered":"<p>Le margeur d&rsquo;enveloppes le plus performant au monde. La plage de formats jusqu&rsquo;\u00e0 44 x 50 cm et le grand tambour de transport permettent d&rsquo;imprimer des enveloppes particuli\u00e8rement difficiles et des pochettes d&rsquo;exp\u00e9dition C4\/ B4 \u00e0 rabat ouvert. Le haut niveau d&rsquo;automatisation garantit un changement de format tr\u00e8s rapide, m\u00eame pour les petits tirages variables. [&hellip;]<\/p>\n","protected":false},"featured_media":54741,"template":"","meta":[],"product_brand":[],"product_cat":[3029],"product_tag":[],"class_list":{"0":"post-92817","1":"product","2":"type-product","3":"status-publish","4":"has-post-thumbnail","6":"product_cat-investisseurs","7":"pa_baujahr-165","8":"pa_hersteller-pgf","9":"pa_typ-maxi-feeder-50","11":"first","12":"instock","13":"sold-individually","14":"taxable","15":"shipping-taxable","16":"purchasable","17":"product-type-simple"},"jetpack_sharing_enabled":true,"_links":{"self":[{"href":"https:\/\/www.3p-gmbh.de\/fr\/wp-json\/wp\/v2\/product\/92817","targetHints":{"allow":["GET"]}}],"collection":[{"href":"https:\/\/www.3p-gmbh.de\/fr\/wp-json\/wp\/v2\/product"}],"about":[{"href":"https:\/\/www.3p-gmbh.de\/fr\/wp-json\/wp\/v2\/types\/product"}],"wp:featuredmedia":[{"embeddable":true,"href":"https:\/\/www.3p-gmbh.de\/fr\/wp-json\/wp\/v2\/media\/54741"}],"wp:attachment":[{"href":"https:\/\/www.3p-gmbh.de\/fr\/wp-json\/wp\/v2\/media?parent=92817"}],"wp:term":[{"taxonomy":"product_brand","embeddable":true,"href":"https:\/\/www.3p-gmbh.de\/fr\/wp-json\/wp\/v2\/product_brand?post=92817"},{"taxonomy":"product_cat","embeddable":true,"href":"https:\/\/www.3p-gmbh.de\/fr\/wp-json\/wp\/v2\/product_cat?post=92817"},{"taxonomy":"product_tag","embeddable":true,"href":"https:\/\/www.3p-gmbh.de\/fr\/wp-json\/wp\/v2\/product_tag?post=92817"}],"curies":[{"name":"wp","href":"https:\/\/api.w.org\/{rel}","templated":true}]}}