{"id":92816,"date":"2019-07-11T13:53:00","date_gmt":"2019-07-11T13:53:00","guid":{"rendered":"https:\/\/www.3p-gmbh.de\/produkt\/margeur-denveloppes-pgf-compactfeeder\/"},"modified":"2019-07-11T13:53:00","modified_gmt":"2019-07-11T13:53:00","slug":"poseurs-denveloppes","status":"publish","type":"product","link":"https:\/\/www.3p-gmbh.de\/fr\/produkt\/poseurs-denveloppes\/","title":{"rendered":"Margeur d&rsquo;enveloppes PGF Compactfeeder"},"content":{"rendered":"<ul>\n<li>convient pour les formats d&rsquo;enveloppes jusqu&rsquo;\u00e0 C4 et B4<\/li>\n<li>utilisable sur les machines d&rsquo;impression avec margeur feuille \u00e0 feuille ou margeur \u00e0 chevauchement<\/li>\n<li>rotor d&rsquo;aspiration avec angle d&rsquo;aspiration d\u00e9fini<\/li>\n<li>S\u00e9parateur d&rsquo;inserts \u00e0 compensation automatique<\/li>\n<li>Correction de l&rsquo;entra\u00eenement en \u00e9cailles<\/li>\n<li>Entra\u00eenement Indrum<\/li>\n<li>R\u00e9glage de la hauteur motoris\u00e9<\/li>\n<li>Min. Format : 100 x 110 mm<\/li>\n<li>Max. Format : 370 x 370 mm<\/li>\n<li>Dimensions (L x l x H) : 110 cm x 39 cm x 130 cm<\/li>\n<li>Poids : 75 kg<\/li>\n<\/ul>\n","protected":false},"excerpt":{"rendered":"<p>convient pour les formats d&rsquo;enveloppes jusqu&rsquo;\u00e0 C4 et B4 utilisable sur les machines d&rsquo;impression avec margeur feuille \u00e0 feuille ou margeur \u00e0 chevauchement rotor d&rsquo;aspiration avec angle d&rsquo;aspiration d\u00e9fini S\u00e9parateur d&rsquo;inserts \u00e0 compensation automatique Correction de l&rsquo;entra\u00eenement en \u00e9cailles Entra\u00eenement Indrum R\u00e9glage de la hauteur motoris\u00e9 Min. Format : 100 x 110 mm Max. Format [&hellip;]<\/p>\n","protected":false},"featured_media":57157,"template":"","meta":[],"product_brand":[],"product_cat":[3029],"product_tag":[],"class_list":{"0":"post-92816","1":"product","2":"type-product","3":"status-publish","4":"has-post-thumbnail","6":"product_cat-investisseurs","7":"pa_baujahr-205","8":"pa_hersteller-pgf","9":"pa_typ-compactfeeder","11":"first","12":"instock","13":"sold-individually","14":"taxable","15":"shipping-taxable","16":"purchasable","17":"product-type-simple"},"jetpack_sharing_enabled":true,"_links":{"self":[{"href":"https:\/\/www.3p-gmbh.de\/fr\/wp-json\/wp\/v2\/product\/92816","targetHints":{"allow":["GET"]}}],"collection":[{"href":"https:\/\/www.3p-gmbh.de\/fr\/wp-json\/wp\/v2\/product"}],"about":[{"href":"https:\/\/www.3p-gmbh.de\/fr\/wp-json\/wp\/v2\/types\/product"}],"wp:featuredmedia":[{"embeddable":true,"href":"https:\/\/www.3p-gmbh.de\/fr\/wp-json\/wp\/v2\/media\/57157"}],"wp:attachment":[{"href":"https:\/\/www.3p-gmbh.de\/fr\/wp-json\/wp\/v2\/media?parent=92816"}],"wp:term":[{"taxonomy":"product_brand","embeddable":true,"href":"https:\/\/www.3p-gmbh.de\/fr\/wp-json\/wp\/v2\/product_brand?post=92816"},{"taxonomy":"product_cat","embeddable":true,"href":"https:\/\/www.3p-gmbh.de\/fr\/wp-json\/wp\/v2\/product_cat?post=92816"},{"taxonomy":"product_tag","embeddable":true,"href":"https:\/\/www.3p-gmbh.de\/fr\/wp-json\/wp\/v2\/product_tag?post=92816"}],"curies":[{"name":"wp","href":"https:\/\/api.w.org\/{rel}","templated":true}]}}