{"id":92806,"date":"2019-07-11T13:53:09","date_gmt":"2019-07-11T13:53:09","guid":{"rendered":"https:\/\/www.3p-gmbh.de\/produkt\/manometre-a-rouleaux-diginip\/"},"modified":"2019-07-11T13:53:09","modified_gmt":"2019-07-11T13:53:09","slug":"manometre-a-rouleau","status":"publish","type":"product","link":"https:\/\/www.3p-gmbh.de\/fr\/produkt\/manometre-a-rouleau\/","title":{"rendered":"Manom\u00e8tre \u00e0 rouleaux Diginip"},"content":{"rendered":"<p>Contr\u00f4le pr\u00e9cis, simple et reproductible du r\u00e9glage des rouleaux encreurs et de mouillage dans les machines d&rsquo;impression &#8211; avec une valeur de mesure num\u00e9rique, adapt\u00e9e aux techniques d&rsquo;impression modernes &#8211; pour une meilleure qualit\u00e9 d&rsquo;impression avec un mouillage optimal. Des rouleaux bien r\u00e9gl\u00e9s sont la base d&rsquo;une bonne qualit\u00e9 d&rsquo;impression constante et permettent d&rsquo;\u00e9viter les difficult\u00e9s d&rsquo;impression. M\u00eame les machines d&rsquo;impression les plus modernes exigent des rouleaux r\u00e9gl\u00e9s avec pr\u00e9cision. Le contr\u00f4le fastidieux avec les bandes de papier lorsque les rouleaux sont encr\u00e9s s&rsquo;adapte mal \u00e0 la technique d&rsquo;impression moderne et est subjectif. Une valeur de mesure num\u00e9rique avec un \u00e9cart minimal permet un r\u00e9glage s\u00fbr et reproductible des rouleaux pour la s\u00e9curit\u00e9 de fonctionnement n\u00e9cessaire, pour une qualit\u00e9 d&rsquo;impression optimale et une utilisation en douceur des rouleaux. Les rouleaux bien r\u00e9gl\u00e9s vivent plus longtemps. L&rsquo;impression \u00e0 faible teneur en alcool n&rsquo;est possible qu&rsquo;avec de bons rouleaux et si les rouleaux de mouillage sont correctement r\u00e9gl\u00e9s. Les rouleaux de mouillage, dont la circonf\u00e9rence change sous l&rsquo;influence de l&rsquo;additif de mouillage et de l&rsquo;alcool, sont une raison fr\u00e9quente pour laquelle il n&rsquo;est pas possible d&rsquo;imprimer avec une utilisation minimale ou sans alcool dans le cas de formes d&rsquo;impression difficiles. Le r\u00e9glage des rouleaux de mouillage est donc d&rsquo;une importance d\u00e9cisive pour r\u00e9ussir \u00e0 r\u00e9duire ou \u00e0 remplacer compl\u00e8tement l&rsquo;alcool et donc les COV.<\/p>\n<p>Contenu de la livraison :<\/p>\n<ul>\n<li>Appareil de mesure DigiNip<\/li>\n<li>2 c\u00e2bles spiral\u00e9s de 1,5m<\/li>\n<li>2 languettes de mesure du capteur<\/li>\n<li>1 mallette de transport<\/li>\n<\/ul>\n","protected":false},"excerpt":{"rendered":"<p>Contr\u00f4le pr\u00e9cis, simple et reproductible du r\u00e9glage des rouleaux encreurs et de mouillage dans les machines d&rsquo;impression &#8211; avec une valeur de mesure num\u00e9rique, adapt\u00e9e aux techniques d&rsquo;impression modernes &#8211; pour une meilleure qualit\u00e9 d&rsquo;impression avec un mouillage optimal. Des rouleaux bien r\u00e9gl\u00e9s sont la base d&rsquo;une bonne qualit\u00e9 d&rsquo;impression constante et permettent d&rsquo;\u00e9viter les [&hellip;]<\/p>\n","protected":false},"featured_media":54770,"template":"","meta":[],"product_brand":[],"product_cat":[2930],"product_tag":[],"class_list":{"0":"post-92806","1":"product","2":"type-product","3":"status-publish","4":"has-post-thumbnail","6":"product_cat-instruments-de-mesure-et-assurance-qualite","7":"pa_baujahr-452","8":"pa_hersteller-quick-check","9":"pa_typ-diginip","11":"first","12":"instock","13":"sold-individually","14":"taxable","15":"shipping-taxable","16":"purchasable","17":"product-type-simple"},"jetpack_sharing_enabled":true,"_links":{"self":[{"href":"https:\/\/www.3p-gmbh.de\/fr\/wp-json\/wp\/v2\/product\/92806","targetHints":{"allow":["GET"]}}],"collection":[{"href":"https:\/\/www.3p-gmbh.de\/fr\/wp-json\/wp\/v2\/product"}],"about":[{"href":"https:\/\/www.3p-gmbh.de\/fr\/wp-json\/wp\/v2\/types\/product"}],"wp:featuredmedia":[{"embeddable":true,"href":"https:\/\/www.3p-gmbh.de\/fr\/wp-json\/wp\/v2\/media\/54770"}],"wp:attachment":[{"href":"https:\/\/www.3p-gmbh.de\/fr\/wp-json\/wp\/v2\/media?parent=92806"}],"wp:term":[{"taxonomy":"product_brand","embeddable":true,"href":"https:\/\/www.3p-gmbh.de\/fr\/wp-json\/wp\/v2\/product_brand?post=92806"},{"taxonomy":"product_cat","embeddable":true,"href":"https:\/\/www.3p-gmbh.de\/fr\/wp-json\/wp\/v2\/product_cat?post=92806"},{"taxonomy":"product_tag","embeddable":true,"href":"https:\/\/www.3p-gmbh.de\/fr\/wp-json\/wp\/v2\/product_tag?post=92806"}],"curies":[{"name":"wp","href":"https:\/\/api.w.org\/{rel}","templated":true}]}}