{"id":92796,"date":"2019-07-11T13:53:09","date_gmt":"2019-07-11T13:53:09","guid":{"rendered":"https:\/\/www.3p-gmbh.de\/produkt\/spectrometre-a-balayage-techkon-spectrojet\/"},"modified":"2019-07-11T13:53:09","modified_gmt":"2019-07-11T13:53:09","slug":"scan-spectrometre","status":"publish","type":"product","link":"https:\/\/www.3p-gmbh.de\/fr\/produkt\/scan-spectrometre\/","title":{"rendered":"Spectrom\u00e8tre \u00e0 balayage Techkon SpectroJet"},"content":{"rendered":"<p>Le spectrom\u00e8tre \u00e0 balayage Techkon SpectroJet r\u00e9volutionne la mesure automatique des densit\u00e9s, des augmentations de valeur de ton et des valeurs colorim\u00e9triques sur n&rsquo;importe quelle bande de contr\u00f4le d&rsquo;impression. Il suffit de passer l&rsquo;appareil de mesure \u00e0 la main sur les \u00e9l\u00e9ments de mesure. Des galets de guidage dans le fond de l&rsquo;appareil assurent un d\u00e9placement en ligne droite en toute s\u00e9curit\u00e9.<br \/>\nSpectroJet est \u00e9quip\u00e9 d&rsquo;un capteur spectral \u00e0 haute r\u00e9solution qui dispose d&rsquo;un filtre de polarisation \u00e0 pivotement automatique, comme l&rsquo;exige la norme ISO. Les donn\u00e9es de mesure peuvent \u00eatre facilement export\u00e9es vers d&rsquo;autres logiciels. L&rsquo;appareil de mesure convient parfaitement \u00e0 la commande et \u00e0 la r\u00e9gulation de l&rsquo;application d&rsquo;encre sur les machines d&rsquo;impression et sert ainsi \u00e0 r\u00e9duire les temps de calage, \u00e0 diminuer la g\u00e2che papier et \u00e0 am\u00e9liorer la qualit\u00e9 d&rsquo;impression.<\/p>\n<p>Contenu de la livraison :<\/p>\n<ul>\n<li>Spectrom\u00e8tre \u00e0 balayage SpectroJet Basic avec bloc d&rsquo;alimentation, \u00e9talon blanc et c\u00e2ble de donn\u00e9es dans une mallette d&rsquo;\u00e9quipement<\/li>\n<\/ul>\n<p>A commander en option contre un suppl\u00e9ment de prix :<\/p>\n<ul>\n<li>Logiciel ExPresso Basic<\/li>\n<li>Rail d&rsquo;accrochage Spectro Track (diff\u00e9rentes largeurs)<\/li>\n<\/ul>\n","protected":false},"excerpt":{"rendered":"<p>Le spectrom\u00e8tre \u00e0 balayage Techkon SpectroJet r\u00e9volutionne la mesure automatique des densit\u00e9s, des augmentations de valeur de ton et des valeurs colorim\u00e9triques sur n&rsquo;importe quelle bande de contr\u00f4le d&rsquo;impression. Il suffit de passer l&rsquo;appareil de mesure \u00e0 la main sur les \u00e9l\u00e9ments de mesure. Des galets de guidage dans le fond de l&rsquo;appareil assurent un [&hellip;]<\/p>\n","protected":false},"featured_media":54776,"template":"","meta":[],"product_brand":[],"product_cat":[2930],"product_tag":[],"class_list":{"0":"post-92796","1":"product","2":"type-product","3":"status-publish","4":"has-post-thumbnail","6":"product_cat-instruments-de-mesure-et-assurance-qualite","7":"pa_baujahr-145","8":"pa_hersteller-techkon","9":"pa_typ-spectrojet","11":"first","12":"instock","13":"sold-individually","14":"taxable","15":"shipping-taxable","16":"purchasable","17":"product-type-simple"},"jetpack_sharing_enabled":true,"_links":{"self":[{"href":"https:\/\/www.3p-gmbh.de\/fr\/wp-json\/wp\/v2\/product\/92796","targetHints":{"allow":["GET"]}}],"collection":[{"href":"https:\/\/www.3p-gmbh.de\/fr\/wp-json\/wp\/v2\/product"}],"about":[{"href":"https:\/\/www.3p-gmbh.de\/fr\/wp-json\/wp\/v2\/types\/product"}],"wp:featuredmedia":[{"embeddable":true,"href":"https:\/\/www.3p-gmbh.de\/fr\/wp-json\/wp\/v2\/media\/54776"}],"wp:attachment":[{"href":"https:\/\/www.3p-gmbh.de\/fr\/wp-json\/wp\/v2\/media?parent=92796"}],"wp:term":[{"taxonomy":"product_brand","embeddable":true,"href":"https:\/\/www.3p-gmbh.de\/fr\/wp-json\/wp\/v2\/product_brand?post=92796"},{"taxonomy":"product_cat","embeddable":true,"href":"https:\/\/www.3p-gmbh.de\/fr\/wp-json\/wp\/v2\/product_cat?post=92796"},{"taxonomy":"product_tag","embeddable":true,"href":"https:\/\/www.3p-gmbh.de\/fr\/wp-json\/wp\/v2\/product_tag?post=92796"}],"curies":[{"name":"wp","href":"https:\/\/api.w.org\/{rel}","templated":true}]}}