{"id":92794,"date":"2019-07-11T13:53:09","date_gmt":"2019-07-11T13:53:09","guid":{"rendered":"https:\/\/www.3p-gmbh.de\/produkt\/ink-zone-move-prereglage-des-couleurs-en-ligne\/"},"modified":"2019-07-11T13:53:09","modified_gmt":"2019-07-11T13:53:09","slug":"prereglage-en-ligne-des-couleurs-reglage-des-couleurs","status":"publish","type":"product","link":"https:\/\/www.3p-gmbh.de\/fr\/produkt\/prereglage-en-ligne-des-couleurs-reglage-des-couleurs\/","title":{"rendered":"Ink-Zone Move Pr\u00e9r\u00e9glage des couleurs en ligne"},"content":{"rendered":"<ul>\n<li>Pr\u00e9r\u00e9glage et r\u00e9gulation des couleurs en ligne avec le logiciel Digital Information InkZone Move et l&rsquo;appareil de mesure Techkon SpectroDrive avec rail de roulement<\/li>\n<li>jusqu&rsquo;\u00e0 pr\u00e9sent install\u00e9 sur Roland 705-L<\/li>\n<\/ul>\n","protected":false},"excerpt":{"rendered":"<p>Pr\u00e9r\u00e9glage et r\u00e9gulation des couleurs en ligne avec le logiciel Digital Information InkZone Move et l&rsquo;appareil de mesure Techkon SpectroDrive avec rail de roulement jusqu&rsquo;\u00e0 pr\u00e9sent install\u00e9 sur Roland 705-L<\/p>\n","protected":false},"featured_media":54773,"template":"","meta":[],"product_brand":[],"product_cat":[2930],"product_tag":[],"class_list":{"0":"post-92794","1":"product","2":"type-product","3":"status-publish","4":"has-post-thumbnail","6":"product_cat-instruments-de-mesure-et-assurance-qualite","7":"pa_hersteller-digital-information","8":"pa_typ-inkzone-move","10":"first","11":"instock","12":"sold-individually","13":"taxable","14":"shipping-taxable","15":"purchasable","16":"product-type-simple"},"jetpack_sharing_enabled":true,"_links":{"self":[{"href":"https:\/\/www.3p-gmbh.de\/fr\/wp-json\/wp\/v2\/product\/92794","targetHints":{"allow":["GET"]}}],"collection":[{"href":"https:\/\/www.3p-gmbh.de\/fr\/wp-json\/wp\/v2\/product"}],"about":[{"href":"https:\/\/www.3p-gmbh.de\/fr\/wp-json\/wp\/v2\/types\/product"}],"wp:featuredmedia":[{"embeddable":true,"href":"https:\/\/www.3p-gmbh.de\/fr\/wp-json\/wp\/v2\/media\/54773"}],"wp:attachment":[{"href":"https:\/\/www.3p-gmbh.de\/fr\/wp-json\/wp\/v2\/media?parent=92794"}],"wp:term":[{"taxonomy":"product_brand","embeddable":true,"href":"https:\/\/www.3p-gmbh.de\/fr\/wp-json\/wp\/v2\/product_brand?post=92794"},{"taxonomy":"product_cat","embeddable":true,"href":"https:\/\/www.3p-gmbh.de\/fr\/wp-json\/wp\/v2\/product_cat?post=92794"},{"taxonomy":"product_tag","embeddable":true,"href":"https:\/\/www.3p-gmbh.de\/fr\/wp-json\/wp\/v2\/product_tag?post=92794"}],"curies":[{"name":"wp","href":"https:\/\/api.w.org\/{rel}","templated":true}]}}