{"id":92778,"date":"2019-07-11T13:53:09","date_gmt":"2019-07-11T13:53:09","guid":{"rendered":"https:\/\/www.3p-gmbh.de\/produkt\/folioteur-heidelberg-pour-gto-52\/"},"modified":"2019-07-11T13:53:09","modified_gmt":"2019-07-11T13:53:09","slug":"impression-numerotation-pour-gto-52","status":"publish","type":"product","link":"https:\/\/www.3p-gmbh.de\/fr\/produkt\/impression-numerotation-pour-gto-52\/","title":{"rendered":"Folioteur Heidelberg pour GTO 52"},"content":{"rendered":"<ul>\n<li>Dispositif d&rsquo;impression pour num\u00e9rotation pour Heidelberg GTO-52 Plusversion<\/li>\n<li>Encrier avec vis de zone<\/li>\n<li>Arbre du num\u00e9rateur avec deux anneaux de si\u00e8ge et 2 courbes de commutation<\/li>\n<li>2 compteurs (7 chiffres)<\/li>\n<li>1 support de clich\u00e9<\/li>\n<\/ul>\n","protected":false},"excerpt":{"rendered":"<p>Dispositif d&rsquo;impression pour num\u00e9rotation pour Heidelberg GTO-52 Plusversion Encrier avec vis de zone Arbre du num\u00e9rateur avec deux anneaux de si\u00e8ge et 2 courbes de commutation 2 compteurs (7 chiffres) 1 support de clich\u00e9<\/p>\n","protected":false},"featured_media":54785,"template":"","meta":[],"product_brand":[],"product_cat":[2902],"product_tag":[],"class_list":{"0":"post-92778","1":"product","2":"type-product","3":"status-publish","4":"has-post-thumbnail","6":"product_cat-accessoires-et-pieces-de-rechange-pour-machines-dimpression","7":"pa_hersteller-heidelberg","9":"first","10":"instock","11":"sold-individually","12":"taxable","13":"shipping-taxable","14":"purchasable","15":"product-type-simple"},"jetpack_sharing_enabled":true,"_links":{"self":[{"href":"https:\/\/www.3p-gmbh.de\/fr\/wp-json\/wp\/v2\/product\/92778","targetHints":{"allow":["GET"]}}],"collection":[{"href":"https:\/\/www.3p-gmbh.de\/fr\/wp-json\/wp\/v2\/product"}],"about":[{"href":"https:\/\/www.3p-gmbh.de\/fr\/wp-json\/wp\/v2\/types\/product"}],"wp:featuredmedia":[{"embeddable":true,"href":"https:\/\/www.3p-gmbh.de\/fr\/wp-json\/wp\/v2\/media\/54785"}],"wp:attachment":[{"href":"https:\/\/www.3p-gmbh.de\/fr\/wp-json\/wp\/v2\/media?parent=92778"}],"wp:term":[{"taxonomy":"product_brand","embeddable":true,"href":"https:\/\/www.3p-gmbh.de\/fr\/wp-json\/wp\/v2\/product_brand?post=92778"},{"taxonomy":"product_cat","embeddable":true,"href":"https:\/\/www.3p-gmbh.de\/fr\/wp-json\/wp\/v2\/product_cat?post=92778"},{"taxonomy":"product_tag","embeddable":true,"href":"https:\/\/www.3p-gmbh.de\/fr\/wp-json\/wp\/v2\/product_tag?post=92778"}],"curies":[{"name":"wp","href":"https:\/\/api.w.org\/{rel}","templated":true}]}}