{"id":92772,"date":"2019-07-11T13:53:09","date_gmt":"2019-07-11T13:53:09","guid":{"rendered":"https:\/\/www.3p-gmbh.de\/produkt\/schneider-sf-60-margeur-denveloppes-a-feuille-unique\/"},"modified":"2019-07-11T13:53:09","modified_gmt":"2019-07-11T13:53:09","slug":"margeur-denveloppes-a-feuille-unique","status":"publish","type":"product","link":"https:\/\/www.3p-gmbh.de\/fr\/produkt\/margeur-denveloppes-a-feuille-unique\/","title":{"rendered":"Schneider SF-60 Margeur d&rsquo;enveloppes \u00e0 feuille unique"},"content":{"rendered":"<ul>\n<li>Modification de la ventouse pour les sacs photo<\/li>\n<li>vitesse d&rsquo;environ 8.000 feuilles\/h<\/li>\n<li>grande capacit\u00e9 de pr\u00e9-empilage<\/li>\n<li>r\u00e9glable en hauteur<\/li>\n<\/ul>\n","protected":false},"excerpt":{"rendered":"<p>Modification de la ventouse pour les sacs photo vitesse d&rsquo;environ 8.000 feuilles\/h grande capacit\u00e9 de pr\u00e9-empilage r\u00e9glable en hauteur<\/p>\n","protected":false},"featured_media":54784,"template":"","meta":[],"product_brand":[],"product_cat":[3029],"product_tag":[],"class_list":{"0":"post-92772","1":"product","2":"type-product","3":"status-publish","4":"has-post-thumbnail","6":"product_cat-investisseurs","7":"pa_baujahr-194","8":"pa_hersteller-schneider","9":"pa_typ-feeder-sf-60","11":"first","12":"instock","13":"sold-individually","14":"taxable","15":"shipping-taxable","16":"purchasable","17":"product-type-simple"},"jetpack_sharing_enabled":true,"_links":{"self":[{"href":"https:\/\/www.3p-gmbh.de\/fr\/wp-json\/wp\/v2\/product\/92772","targetHints":{"allow":["GET"]}}],"collection":[{"href":"https:\/\/www.3p-gmbh.de\/fr\/wp-json\/wp\/v2\/product"}],"about":[{"href":"https:\/\/www.3p-gmbh.de\/fr\/wp-json\/wp\/v2\/types\/product"}],"wp:featuredmedia":[{"embeddable":true,"href":"https:\/\/www.3p-gmbh.de\/fr\/wp-json\/wp\/v2\/media\/54784"}],"wp:attachment":[{"href":"https:\/\/www.3p-gmbh.de\/fr\/wp-json\/wp\/v2\/media?parent=92772"}],"wp:term":[{"taxonomy":"product_brand","embeddable":true,"href":"https:\/\/www.3p-gmbh.de\/fr\/wp-json\/wp\/v2\/product_brand?post=92772"},{"taxonomy":"product_cat","embeddable":true,"href":"https:\/\/www.3p-gmbh.de\/fr\/wp-json\/wp\/v2\/product_cat?post=92772"},{"taxonomy":"product_tag","embeddable":true,"href":"https:\/\/www.3p-gmbh.de\/fr\/wp-json\/wp\/v2\/product_tag?post=92772"}],"curies":[{"name":"wp","href":"https:\/\/api.w.org\/{rel}","templated":true}]}}