{"id":92757,"date":"2019-07-11T13:52:33","date_gmt":"2019-07-11T13:52:33","guid":{"rendered":"https:\/\/www.3p-gmbh.de\/produkt\/basf-flint-cw-50-x-70-nyloprint-combinaison-dappareils\/"},"modified":"2019-07-11T13:52:33","modified_gmt":"2019-07-11T13:52:33","slug":"nyloprint-uv-exposer","status":"publish","type":"product","link":"https:\/\/www.3p-gmbh.de\/fr\/produkt\/nyloprint-uv-exposer\/","title":{"rendered":"BASF \/ Flint CW 50 x 70 Nyloprint combinaison d&rsquo;appareils"},"content":{"rendered":"<ul>\n<li>avec godet plat CW 50-70 cm<\/li>\n<li>avec r\u00e9gulation de la temp\u00e9rature de l&rsquo;eau de 20 \u00e0 40\u00b0 C<\/li>\n<li>ossature du laveur avec une plaque magn\u00e9tique pour les clich\u00e9s avec dos en acier<\/li>\n<li>Syst\u00e8me de d\u00e9bit d&rsquo;eau<\/li>\n<li>r\u00e9glage automatique de la pression des brosses pour chaque \u00e9paisseur de mat\u00e9riau<\/li>\n<\/ul>\n","protected":false},"excerpt":{"rendered":"<p>avec godet plat CW 50-70 cm avec r\u00e9gulation de la temp\u00e9rature de l&rsquo;eau de 20 \u00e0 40\u00b0 C ossature du laveur avec une plaque magn\u00e9tique pour les clich\u00e9s avec dos en acier Syst\u00e8me de d\u00e9bit d&rsquo;eau r\u00e9glage automatique de la pression des brosses pour chaque \u00e9paisseur de mat\u00e9riau<\/p>\n","protected":false},"featured_media":57165,"template":"","meta":[],"product_brand":[],"product_cat":[3084],"product_tag":[],"class_list":{"0":"post-92757","1":"product","2":"type-product","3":"status-publish","4":"has-post-thumbnail","6":"product_cat-serigraphie-flexographie-et-heliogravure","7":"pa_baujahr-127","8":"pa_hersteller-flint-group-basf","9":"pa_typ-cw-50x70","11":"first","12":"instock","13":"sold-individually","14":"taxable","15":"shipping-taxable","16":"purchasable","17":"product-type-simple"},"jetpack_sharing_enabled":true,"_links":{"self":[{"href":"https:\/\/www.3p-gmbh.de\/fr\/wp-json\/wp\/v2\/product\/92757","targetHints":{"allow":["GET"]}}],"collection":[{"href":"https:\/\/www.3p-gmbh.de\/fr\/wp-json\/wp\/v2\/product"}],"about":[{"href":"https:\/\/www.3p-gmbh.de\/fr\/wp-json\/wp\/v2\/types\/product"}],"wp:featuredmedia":[{"embeddable":true,"href":"https:\/\/www.3p-gmbh.de\/fr\/wp-json\/wp\/v2\/media\/57165"}],"wp:attachment":[{"href":"https:\/\/www.3p-gmbh.de\/fr\/wp-json\/wp\/v2\/media?parent=92757"}],"wp:term":[{"taxonomy":"product_brand","embeddable":true,"href":"https:\/\/www.3p-gmbh.de\/fr\/wp-json\/wp\/v2\/product_brand?post=92757"},{"taxonomy":"product_cat","embeddable":true,"href":"https:\/\/www.3p-gmbh.de\/fr\/wp-json\/wp\/v2\/product_cat?post=92757"},{"taxonomy":"product_tag","embeddable":true,"href":"https:\/\/www.3p-gmbh.de\/fr\/wp-json\/wp\/v2\/product_tag?post=92757"}],"curies":[{"name":"wp","href":"https:\/\/api.w.org\/{rel}","templated":true}]}}