{"id":92751,"date":"2019-07-11T13:52:33","date_gmt":"2019-07-11T13:52:33","guid":{"rendered":"https:\/\/www.3p-gmbh.de\/produkt\/basf-cw-22-30-appareil-combine-a-cliche-flint\/"},"modified":"2019-07-11T13:52:33","modified_gmt":"2019-07-11T13:52:33","slug":"cliche-combi","status":"publish","type":"product","link":"https:\/\/www.3p-gmbh.de\/fr\/produkt\/cliche-combi\/","title":{"rendered":"BASF CW 22-30 \/ Appareil combin\u00e9 \u00e0 clich\u00e9 Flint"},"content":{"rendered":"<p>Installation compl\u00e8te pour la fabrication de formes d&rsquo;impression nylographiques lavables \u00e0 l&rsquo;eau (BASF\/Flint) jusqu&rsquo;\u00e0 un format de 22 x 30 cm, comprenant<\/p>\n<ul>\n<li>Exposer avec 6 lampes UV et plaque sous vide avec plaque \u00e0 membrane<\/li>\n<li>Laveur \u00e0 plat avec r\u00e9gulation de la temp\u00e9rature de l&rsquo;eau de 20 \u00e0 40\u00b0 C<\/li>\n<li>ossature magn\u00e9tique 24 x 35 cm, syst\u00e8me d&rsquo;\u00e9coulement, r\u00e9glage automatique de la pression des brosses pour chaque \u00e9paisseur de mat\u00e9riau<\/li>\n<li>S\u00e9choir \u00e0 air chaud<\/li>\n<\/ul>\n","protected":false},"excerpt":{"rendered":"<p>Installation compl\u00e8te pour la fabrication de formes d&rsquo;impression nylographiques lavables \u00e0 l&rsquo;eau (BASF\/Flint) jusqu&rsquo;\u00e0 un format de 22 x 30 cm, comprenant Exposer avec 6 lampes UV et plaque sous vide avec plaque \u00e0 membrane Laveur \u00e0 plat avec r\u00e9gulation de la temp\u00e9rature de l&rsquo;eau de 20 \u00e0 40\u00b0 C ossature magn\u00e9tique 24 x 35 [&hellip;]<\/p>\n","protected":false},"featured_media":61110,"template":"","meta":[],"product_brand":[],"product_cat":[3084],"product_tag":[],"class_list":{"0":"post-92751","1":"product","2":"type-product","3":"status-publish","4":"has-post-thumbnail","6":"product_cat-serigraphie-flexographie-et-heliogravure","7":"pa_baujahr-262","8":"pa_hersteller-basf-flint-kombigeraet","10":"first","11":"instock","12":"sold-individually","13":"taxable","14":"shipping-taxable","15":"purchasable","16":"product-type-simple"},"jetpack_sharing_enabled":true,"_links":{"self":[{"href":"https:\/\/www.3p-gmbh.de\/fr\/wp-json\/wp\/v2\/product\/92751","targetHints":{"allow":["GET"]}}],"collection":[{"href":"https:\/\/www.3p-gmbh.de\/fr\/wp-json\/wp\/v2\/product"}],"about":[{"href":"https:\/\/www.3p-gmbh.de\/fr\/wp-json\/wp\/v2\/types\/product"}],"wp:featuredmedia":[{"embeddable":true,"href":"https:\/\/www.3p-gmbh.de\/fr\/wp-json\/wp\/v2\/media\/61110"}],"wp:attachment":[{"href":"https:\/\/www.3p-gmbh.de\/fr\/wp-json\/wp\/v2\/media?parent=92751"}],"wp:term":[{"taxonomy":"product_brand","embeddable":true,"href":"https:\/\/www.3p-gmbh.de\/fr\/wp-json\/wp\/v2\/product_brand?post=92751"},{"taxonomy":"product_cat","embeddable":true,"href":"https:\/\/www.3p-gmbh.de\/fr\/wp-json\/wp\/v2\/product_cat?post=92751"},{"taxonomy":"product_tag","embeddable":true,"href":"https:\/\/www.3p-gmbh.de\/fr\/wp-json\/wp\/v2\/product_tag?post=92751"}],"curies":[{"name":"wp","href":"https:\/\/api.w.org\/{rel}","templated":true}]}}