{"id":92734,"date":"2019-07-11T13:52:37","date_gmt":"2019-07-11T13:52:37","guid":{"rendered":"https:\/\/www.3p-gmbh.de\/produkt\/heidelberg-basf-flint-plaques-de-fondation-magnetiques\/"},"modified":"2019-07-11T13:52:37","modified_gmt":"2019-07-11T13:52:37","slug":"plaques-de-fondation-magnetiques","status":"publish","type":"product","link":"https:\/\/www.3p-gmbh.de\/fr\/produkt\/plaques-de-fondation-magnetiques\/","title":{"rendered":"Heidelberg \/ BASF \/ Flint Plaques de fondation magn\u00e9tiques"},"content":{"rendered":"<p>diff\u00e9rents formats sont disponibles :<\/p>\n<p>Plaque de fondation magn\u00e9tique BASF &#8211; Heidelberg<br \/>\nFondation magn\u00e9tique 320x230x22,8<br \/>\nType de machine : HEIDLEBERGER TIEGEL<br \/>\nFormat en mm : 320 x 230 x 22,8 mm<br \/>\nMat\u00e9riau : aluminium<br \/>\nTol\u00e9rance en hauteur : +\/- 0,1 mm<br \/>\npour les plaques de d\u00e9coupe : 580 \u03bcm<br \/>\nDisponible 1<\/p>\n<p>Plaque de fondation magn\u00e9tique BASF &#8211; Heidelberg<br \/>\nformat 22&#215;30,5cm<br \/>\n\u00c9paisseur du panneau 22 mm<br \/>\ndisponible 1<\/p>\n<p>Plaque de fondation magn\u00e9tique BASF &#8211; Heidelberg<br \/>\nformat 22x15cm<br \/>\n\u00c9paisseur du panneau 22 mm<br \/>\nDisponible 1<\/p>\n<p>Plaque de fondation magn\u00e9tique BASF &#8211; Heidelberg<br \/>\nformat 21,5x7cm<br \/>\n\u00c9paisseur du panneau 22 mm<br \/>\nDisponible 1<\/p>\n<p>Plaque de fondation magn\u00e9tique BASF &#8211; Heidelberg<br \/>\nformat 15x2cm<br \/>\n\u00c9paisseur du panneau 22 mm<br \/>\nDisponible 1<\/p>\n<p>Plaque de fondation magn\u00e9tique BASF &#8211; Heidelberg<br \/>\nformat 15 x10,5cm<br \/>\n\u00c9paisseur du panneau 22 mm<br \/>\nDisponible 4<\/p>\n<p>Plaque de fondation magn\u00e9tique BASF &#8211; Heidelberg<br \/>\nformat 10,5&#215;7,5cm<br \/>\n\u00c9paisseur du panneau 22 mm<br \/>\nDisponible 2<\/p>\n<p>Barrettes magn\u00e9tiques<br \/>\n3 x 1,7cm<br \/>\n\u00c9paisseur du panneau 22 mm<br \/>\ndisponibles 12<\/p>\n<p>Barrettes magn\u00e9tiques<br \/>\n5,5 x 1,4cm<br \/>\n\u00c9paisseur du panneau 22 mm<br \/>\nDisponible 4<\/p>\n<p>Barrettes magn\u00e9tiques<br \/>\n7,5 x 10,5cm<br \/>\n\u00c9paisseur du panneau 22 mm<br \/>\nDisponible 2<\/p>\n","protected":false},"excerpt":{"rendered":"<p>diff\u00e9rents formats sont disponibles : Plaque de fondation magn\u00e9tique BASF &#8211; Heidelberg Fondation magn\u00e9tique 320x230x22,8 Type de machine : HEIDLEBERGER TIEGEL Format en mm : 320 x 230 x 22,8 mm Mat\u00e9riau : aluminium Tol\u00e9rance en hauteur : +\/- 0,1 mm pour les plaques de d\u00e9coupe : 580 \u03bcm Disponible 1 Plaque de fondation magn\u00e9tique [&hellip;]<\/p>\n","protected":false},"featured_media":57709,"template":"","meta":[],"product_brand":[],"product_cat":[2881],"product_tag":[],"class_list":{"0":"post-92734","1":"product","2":"type-product","3":"status-publish","4":"has-post-thumbnail","6":"product_cat-impression-de-livres","7":"pa_hersteller-basf-flint-group","8":"pa_typ-magnetfundamentplatten","10":"first","11":"instock","12":"sold-individually","13":"taxable","14":"shipping-taxable","15":"purchasable","16":"product-type-simple"},"jetpack_sharing_enabled":true,"_links":{"self":[{"href":"https:\/\/www.3p-gmbh.de\/fr\/wp-json\/wp\/v2\/product\/92734","targetHints":{"allow":["GET"]}}],"collection":[{"href":"https:\/\/www.3p-gmbh.de\/fr\/wp-json\/wp\/v2\/product"}],"about":[{"href":"https:\/\/www.3p-gmbh.de\/fr\/wp-json\/wp\/v2\/types\/product"}],"wp:featuredmedia":[{"embeddable":true,"href":"https:\/\/www.3p-gmbh.de\/fr\/wp-json\/wp\/v2\/media\/57709"}],"wp:attachment":[{"href":"https:\/\/www.3p-gmbh.de\/fr\/wp-json\/wp\/v2\/media?parent=92734"}],"wp:term":[{"taxonomy":"product_brand","embeddable":true,"href":"https:\/\/www.3p-gmbh.de\/fr\/wp-json\/wp\/v2\/product_brand?post=92734"},{"taxonomy":"product_cat","embeddable":true,"href":"https:\/\/www.3p-gmbh.de\/fr\/wp-json\/wp\/v2\/product_cat?post=92734"},{"taxonomy":"product_tag","embeddable":true,"href":"https:\/\/www.3p-gmbh.de\/fr\/wp-json\/wp\/v2\/product_tag?post=92734"}],"curies":[{"name":"wp","href":"https:\/\/api.w.org\/{rel}","templated":true}]}}