{"id":92701,"date":"2019-07-11T13:52:37","date_gmt":"2019-07-11T13:52:37","guid":{"rendered":"https:\/\/www.3p-gmbh.de\/produkt\/automate-dimpression-a-platine-a3-heidelberg-gt\/"},"modified":"2019-07-11T13:52:37","modified_gmt":"2019-07-11T13:52:37","slug":"automate-dimpression-de-crevettes-gt-a3","status":"publish","type":"product","link":"https:\/\/www.3p-gmbh.de\/fr\/produkt\/automate-dimpression-de-crevettes-gt-a3\/","title":{"rendered":"Automate d&rsquo;impression \u00e0 platine A3 Heidelberg GT"},"content":{"rendered":"<ul>\n<li>avec m\u00e9canisme d&rsquo;encrage<\/li>\n<li>avec accouplement \u00e9lectro-magn\u00e9tique<\/li>\n<li>2 cadres de fermeture<\/li>\n<li>avec \u00e9quipement sp\u00e9cial 12 ponts de pr\u00e9hension interchangeables pour la pr\u00e9hension par aspiration centrale de, mati\u00e8res plastiques, plastiques, balsa, etc.<\/li>\n<\/ul>\n","protected":false},"excerpt":{"rendered":"<p>avec m\u00e9canisme d&rsquo;encrage avec accouplement \u00e9lectro-magn\u00e9tique 2 cadres de fermeture avec \u00e9quipement sp\u00e9cial 12 ponts de pr\u00e9hension interchangeables pour la pr\u00e9hension par aspiration centrale de, mati\u00e8res plastiques, plastiques, balsa, etc.<\/p>\n","protected":false},"featured_media":54582,"template":"","meta":[],"product_brand":[],"product_cat":[2881],"product_tag":[],"class_list":{"0":"post-92701","1":"product","2":"type-product","3":"status-publish","4":"has-post-thumbnail","6":"product_cat-impression-de-livres","7":"pa_baujahr-345","8":"pa_hersteller-heidelberg","9":"pa_typ-original-heidelberg-gt","11":"first","12":"instock","13":"sold-individually","14":"taxable","15":"shipping-taxable","16":"purchasable","17":"product-type-simple"},"jetpack_sharing_enabled":true,"_links":{"self":[{"href":"https:\/\/www.3p-gmbh.de\/fr\/wp-json\/wp\/v2\/product\/92701","targetHints":{"allow":["GET"]}}],"collection":[{"href":"https:\/\/www.3p-gmbh.de\/fr\/wp-json\/wp\/v2\/product"}],"about":[{"href":"https:\/\/www.3p-gmbh.de\/fr\/wp-json\/wp\/v2\/types\/product"}],"wp:featuredmedia":[{"embeddable":true,"href":"https:\/\/www.3p-gmbh.de\/fr\/wp-json\/wp\/v2\/media\/54582"}],"wp:attachment":[{"href":"https:\/\/www.3p-gmbh.de\/fr\/wp-json\/wp\/v2\/media?parent=92701"}],"wp:term":[{"taxonomy":"product_brand","embeddable":true,"href":"https:\/\/www.3p-gmbh.de\/fr\/wp-json\/wp\/v2\/product_brand?post=92701"},{"taxonomy":"product_cat","embeddable":true,"href":"https:\/\/www.3p-gmbh.de\/fr\/wp-json\/wp\/v2\/product_cat?post=92701"},{"taxonomy":"product_tag","embeddable":true,"href":"https:\/\/www.3p-gmbh.de\/fr\/wp-json\/wp\/v2\/product_tag?post=92701"}],"curies":[{"name":"wp","href":"https:\/\/api.w.org\/{rel}","templated":true}]}}