{"id":92691,"date":"2019-07-11T13:52:47","date_gmt":"2019-07-11T13:52:47","guid":{"rendered":"https:\/\/www.3p-gmbh.de\/produkt\/systeme-de-traitement-de-leau-draabe\/"},"modified":"2019-07-11T13:52:47","modified_gmt":"2019-07-11T13:52:47","slug":"systeme-de-traitement-de-leau-pure","status":"publish","type":"product","link":"https:\/\/www.3p-gmbh.de\/fr\/produkt\/systeme-de-traitement-de-leau-pure\/","title":{"rendered":"Syst\u00e8me de traitement de l&rsquo;eau Draabe"},"content":{"rendered":"<p>compos\u00e9 de<\/p>\n<ul>\n<li>Rail d&rsquo;installation<\/li>\n<li>Syst\u00e8me de traitement de l&rsquo;eau Draabe &#8211; eau pure pour l&rsquo;alimentation en eau de process et l&rsquo;installation d&rsquo;humidification de l&rsquo;air dans la salle d&rsquo;impression<\/li>\n<li>Adoucisseur d&rsquo;eau<\/li>\n<li>2 m\u00e9moires d&rsquo;expansion<\/li>\n<li>R\u00e9servoir d&rsquo;eau de 400 litres avec pression de service de 10 bars<\/li>\n<li>Augmentation de la pression<\/li>\n<li>Tuyauterie (d\u00e9mont\u00e9e)<\/li>\n<li>4 n\u00e9buliseurs CSV simple<\/li>\n<li>4 n\u00e9buliseurs CSV double<\/li>\n<\/ul>\n<p>Attention : le syst\u00e8me d&rsquo;eau propre du conteneur doit \u00eatre lou\u00e9 s\u00e9par\u00e9ment aupr\u00e8s de Draabe et est ensuite remplac\u00e9 tous les 6-8 mois en une seule fois pour l&rsquo;entretien.<\/p>\n","protected":false},"excerpt":{"rendered":"<p>compos\u00e9 de Rail d&rsquo;installation Syst\u00e8me de traitement de l&rsquo;eau Draabe &#8211; eau pure pour l&rsquo;alimentation en eau de process et l&rsquo;installation d&rsquo;humidification de l&rsquo;air dans la salle d&rsquo;impression Adoucisseur d&rsquo;eau 2 m\u00e9moires d&rsquo;expansion R\u00e9servoir d&rsquo;eau de 400 litres avec pression de service de 10 bars Augmentation de la pression Tuyauterie (d\u00e9mont\u00e9e) 4 n\u00e9buliseurs CSV simple [&hellip;]<\/p>\n","protected":false},"featured_media":54649,"template":"","meta":[],"product_brand":[],"product_cat":[2902],"product_tag":[],"class_list":{"0":"post-92691","1":"product","2":"type-product","3":"status-publish","4":"has-post-thumbnail","6":"product_cat-accessoires-et-pieces-de-rechange-pour-machines-dimpression","7":"pa_hersteller-draabe","8":"pa_typ-draabe-basis","10":"first","11":"instock","12":"sold-individually","13":"taxable","14":"shipping-taxable","15":"purchasable","16":"product-type-simple"},"jetpack_sharing_enabled":true,"_links":{"self":[{"href":"https:\/\/www.3p-gmbh.de\/fr\/wp-json\/wp\/v2\/product\/92691","targetHints":{"allow":["GET"]}}],"collection":[{"href":"https:\/\/www.3p-gmbh.de\/fr\/wp-json\/wp\/v2\/product"}],"about":[{"href":"https:\/\/www.3p-gmbh.de\/fr\/wp-json\/wp\/v2\/types\/product"}],"wp:featuredmedia":[{"embeddable":true,"href":"https:\/\/www.3p-gmbh.de\/fr\/wp-json\/wp\/v2\/media\/54649"}],"wp:attachment":[{"href":"https:\/\/www.3p-gmbh.de\/fr\/wp-json\/wp\/v2\/media?parent=92691"}],"wp:term":[{"taxonomy":"product_brand","embeddable":true,"href":"https:\/\/www.3p-gmbh.de\/fr\/wp-json\/wp\/v2\/product_brand?post=92691"},{"taxonomy":"product_cat","embeddable":true,"href":"https:\/\/www.3p-gmbh.de\/fr\/wp-json\/wp\/v2\/product_cat?post=92691"},{"taxonomy":"product_tag","embeddable":true,"href":"https:\/\/www.3p-gmbh.de\/fr\/wp-json\/wp\/v2\/product_tag?post=92691"}],"curies":[{"name":"wp","href":"https:\/\/api.w.org\/{rel}","templated":true}]}}