{"id":92682,"date":"2019-07-11T13:52:47","date_gmt":"2019-07-11T13:52:47","guid":{"rendered":"https:\/\/www.3p-gmbh.de\/produkt\/heidelberg-tsh-70-twinstacker-sortie-verticale-de-la-pile\/"},"modified":"2019-07-11T13:52:47","modified_gmt":"2019-07-11T13:52:47","slug":"sortie-verticale-des-piles","status":"publish","type":"product","link":"https:\/\/www.3p-gmbh.de\/fr\/produkt\/sortie-verticale-des-piles\/","title":{"rendered":"Heidelberg TSH 70 Twinstacker sortie verticale de la pile"},"content":{"rendered":"<p>La sortie verticale de piles Twinstacker TSH est la solution \u00e9conomique pour couvrir largement la plage de capacit\u00e9 moyenne \u00e0 \u00e9lev\u00e9e. La sortie transporte les feuilles press\u00e9es individuellement sans les marquer \u00e0 travers la section des bandes. Ensuite, les piles sont form\u00e9es par le haut dans des paniers de r\u00e9ception et dispos\u00e9es en alternance &#8211; sur deux niveaux d&#8217;empilage superpos\u00e9s. Cela permet un fonctionnement non-stop efficace. La manipulation simple avec une bonne accessibilit\u00e9 facilite \u00e9galement le traitement des utilisations multiples. La table d&rsquo;alimentation r\u00e9glable en hauteur permet de positionner le Twinstacker TSH de mani\u00e8re simple et flexible au niveau des diff\u00e9rentes pr\u00e9stations. Qu&rsquo;il s&rsquo;agisse de la pose de feuilles isol\u00e9es ou m\u00eame dans un flux d&rsquo;\u00e9cailles, le Twinstacker TSH convainc \u00e0 tous \u00e9gards par ses performances.<\/p>\n<ul>\n<li>Sortie de pile facile \u00e0 utiliser<\/li>\n<li>D\u00e9pose sans marquage jusqu&rsquo;\u00e0 deux avantages, avec enl\u00e8vement ergonomique et facile d&rsquo;utilisation<\/li>\n<li>max. format 700x340mm<\/li>\n<li>min. Format 100x100mm<\/li>\n<li>\u00c9paisseur max. du produit 6mm<\/li>\n<li>Hauteur d&#8217;empilage par niveau max. 10cm<\/li>\n<li>Optimal pour la commande par un seul op\u00e9rateur sur les plieuses \u00e0 grande vitesse de machine jusqu&rsquo;\u00e0 18.000 cycles<\/li>\n<li>Commande MCT<\/li>\n<\/ul>\n","protected":false},"excerpt":{"rendered":"<p>La sortie verticale de piles Twinstacker TSH est la solution \u00e9conomique pour couvrir largement la plage de capacit\u00e9 moyenne \u00e0 \u00e9lev\u00e9e. La sortie transporte les feuilles press\u00e9es individuellement sans les marquer \u00e0 travers la section des bandes. Ensuite, les piles sont form\u00e9es par le haut dans des paniers de r\u00e9ception et dispos\u00e9es en alternance &#8211; [&hellip;]<\/p>\n","protected":false},"featured_media":57162,"template":"","meta":[],"product_brand":[],"product_cat":[2916],"product_tag":[],"class_list":{"0":"post-92682","1":"product","2":"type-product","3":"status-publish","4":"has-post-thumbnail","6":"product_cat-depenses","7":"pa_baujahr-168","8":"pa_hersteller-heidelberg-stahl","9":"pa_typ-stahlfolder-twinstacker-tsh-70","11":"first","12":"instock","13":"sold-individually","14":"taxable","15":"shipping-taxable","16":"purchasable","17":"product-type-simple"},"jetpack_sharing_enabled":true,"_links":{"self":[{"href":"https:\/\/www.3p-gmbh.de\/fr\/wp-json\/wp\/v2\/product\/92682","targetHints":{"allow":["GET"]}}],"collection":[{"href":"https:\/\/www.3p-gmbh.de\/fr\/wp-json\/wp\/v2\/product"}],"about":[{"href":"https:\/\/www.3p-gmbh.de\/fr\/wp-json\/wp\/v2\/types\/product"}],"wp:featuredmedia":[{"embeddable":true,"href":"https:\/\/www.3p-gmbh.de\/fr\/wp-json\/wp\/v2\/media\/57162"}],"wp:attachment":[{"href":"https:\/\/www.3p-gmbh.de\/fr\/wp-json\/wp\/v2\/media?parent=92682"}],"wp:term":[{"taxonomy":"product_brand","embeddable":true,"href":"https:\/\/www.3p-gmbh.de\/fr\/wp-json\/wp\/v2\/product_brand?post=92682"},{"taxonomy":"product_cat","embeddable":true,"href":"https:\/\/www.3p-gmbh.de\/fr\/wp-json\/wp\/v2\/product_cat?post=92682"},{"taxonomy":"product_tag","embeddable":true,"href":"https:\/\/www.3p-gmbh.de\/fr\/wp-json\/wp\/v2\/product_tag?post=92682"}],"curies":[{"name":"wp","href":"https:\/\/api.w.org\/{rel}","templated":true}]}}