{"id":92673,"date":"2019-07-11T13:52:51","date_gmt":"2019-07-11T13:52:51","guid":{"rendered":"https:\/\/www.3p-gmbh.de\/produkt\/muero-coupeur-de-films\/"},"modified":"2019-07-11T13:52:51","modified_gmt":"2019-07-11T13:52:51","slug":"coupeur-de-film","status":"publish","type":"product","link":"https:\/\/www.3p-gmbh.de\/fr\/produkt\/coupeur-de-film\/","title":{"rendered":"M\u00fcro coupeur de films"},"content":{"rendered":"<p>Le coupe-film est un appareil de d\u00e9coupe de pr\u00e9cision pour les films plans, les feuilles et le papier. Gr\u00e2ce \u00e0 la feuille millim\u00e9tr\u00e9e \u00e9clair\u00e9e et \u00e0 la but\u00e9e lat\u00e9rale, les originaux peuvent \u00eatre align\u00e9s avec une grande pr\u00e9cision. La barre de pression sur le coupe-film emp\u00eache les originaux de glisser pendant que la jauge circulaire glisse le long de la lame longue. Les coupes sont sans bavures, les couteaux ronds sont auto-aff\u00fbt\u00e9s gr\u00e2ce \u00e0 la rectification concave.<\/p>\n<ul>\n<li>Largeur de coupe : 95 cm ou 65 cm<\/li>\n<li>Surface d&rsquo;appui : 95 x 35 cm<\/li>\n<li>But\u00e9e lat\u00e9rale avec \u00e9chelle centim\u00e9trique<\/li>\n<li>Pressage avec commande \u00e0 un seul levier<\/li>\n<li>Ampoules : 2 x 16 watts<\/li>\n<\/ul>\n","protected":false},"excerpt":{"rendered":"<p>Le coupe-film est un appareil de d\u00e9coupe de pr\u00e9cision pour les films plans, les feuilles et le papier. Gr\u00e2ce \u00e0 la feuille millim\u00e9tr\u00e9e \u00e9clair\u00e9e et \u00e0 la but\u00e9e lat\u00e9rale, les originaux peuvent \u00eatre align\u00e9s avec une grande pr\u00e9cision. La barre de pression sur le coupe-film emp\u00eache les originaux de glisser pendant que la jauge circulaire [&hellip;]<\/p>\n","protected":false},"featured_media":54694,"template":"","meta":[],"product_brand":[],"product_cat":[2936],"product_tag":[],"class_list":{"0":"post-92673","1":"product","2":"type-product","3":"status-publish","4":"has-post-thumbnail","6":"product_cat-systemes-dexposition-et-de-developpement-de-films","7":"pa_hersteller-muero","8":"pa_typ-vb-95-oder-vb-65","10":"first","11":"instock","12":"sold-individually","13":"taxable","14":"shipping-taxable","15":"purchasable","16":"product-type-simple"},"jetpack_sharing_enabled":true,"_links":{"self":[{"href":"https:\/\/www.3p-gmbh.de\/fr\/wp-json\/wp\/v2\/product\/92673","targetHints":{"allow":["GET"]}}],"collection":[{"href":"https:\/\/www.3p-gmbh.de\/fr\/wp-json\/wp\/v2\/product"}],"about":[{"href":"https:\/\/www.3p-gmbh.de\/fr\/wp-json\/wp\/v2\/types\/product"}],"wp:featuredmedia":[{"embeddable":true,"href":"https:\/\/www.3p-gmbh.de\/fr\/wp-json\/wp\/v2\/media\/54694"}],"wp:attachment":[{"href":"https:\/\/www.3p-gmbh.de\/fr\/wp-json\/wp\/v2\/media?parent=92673"}],"wp:term":[{"taxonomy":"product_brand","embeddable":true,"href":"https:\/\/www.3p-gmbh.de\/fr\/wp-json\/wp\/v2\/product_brand?post=92673"},{"taxonomy":"product_cat","embeddable":true,"href":"https:\/\/www.3p-gmbh.de\/fr\/wp-json\/wp\/v2\/product_cat?post=92673"},{"taxonomy":"product_tag","embeddable":true,"href":"https:\/\/www.3p-gmbh.de\/fr\/wp-json\/wp\/v2\/product_tag?post=92673"}],"curies":[{"name":"wp","href":"https:\/\/api.w.org\/{rel}","templated":true}]}}