{"id":92647,"date":"2019-07-11T13:52:51","date_gmt":"2019-07-11T13:52:51","guid":{"rendered":"https:\/\/www.3p-gmbh.de\/produkt\/pmc-modele-e-poinconneuse-detiquettes\/"},"modified":"2019-07-11T13:52:51","modified_gmt":"2019-07-11T13:52:51","slug":"etikettenstanze-2","status":"publish","type":"product","link":"https:\/\/www.3p-gmbh.de\/fr\/produkt\/etikettenstanze-2\/","title":{"rendered":"PMC mod\u00e8le E Poin\u00e7onneuse d&rsquo;\u00e9tiquettes"},"content":{"rendered":"<ul>\n<li>Cadre d&rsquo;outils 180 x 180 mm (r\u00e9glable en continu)<\/li>\n<li>Course de poin\u00e7onnage max. env.130 mm (r\u00e9glable en continu)<\/li>\n<li>380 V<\/li>\n<\/ul>\n","protected":false},"excerpt":{"rendered":"<p>Cadre d&rsquo;outils 180 x 180 mm (r\u00e9glable en continu) Course de poin\u00e7onnage max. env.130 mm (r\u00e9glable en continu) 380 V<\/p>\n","protected":false},"featured_media":54675,"template":"","meta":[],"product_brand":[],"product_cat":[2904],"product_tag":[],"class_list":{"0":"post-92647","1":"product","2":"type-product","3":"status-publish","4":"has-post-thumbnail","6":"product_cat-poinconnage","7":"pa_baujahr-345","8":"pa_hersteller-pmc","9":"pa_typ-e","11":"first","12":"instock","13":"sold-individually","14":"taxable","15":"shipping-taxable","16":"purchasable","17":"product-type-simple"},"jetpack_sharing_enabled":true,"_links":{"self":[{"href":"https:\/\/www.3p-gmbh.de\/fr\/wp-json\/wp\/v2\/product\/92647","targetHints":{"allow":["GET"]}}],"collection":[{"href":"https:\/\/www.3p-gmbh.de\/fr\/wp-json\/wp\/v2\/product"}],"about":[{"href":"https:\/\/www.3p-gmbh.de\/fr\/wp-json\/wp\/v2\/types\/product"}],"wp:featuredmedia":[{"embeddable":true,"href":"https:\/\/www.3p-gmbh.de\/fr\/wp-json\/wp\/v2\/media\/54675"}],"wp:attachment":[{"href":"https:\/\/www.3p-gmbh.de\/fr\/wp-json\/wp\/v2\/media?parent=92647"}],"wp:term":[{"taxonomy":"product_brand","embeddable":true,"href":"https:\/\/www.3p-gmbh.de\/fr\/wp-json\/wp\/v2\/product_brand?post=92647"},{"taxonomy":"product_cat","embeddable":true,"href":"https:\/\/www.3p-gmbh.de\/fr\/wp-json\/wp\/v2\/product_cat?post=92647"},{"taxonomy":"product_tag","embeddable":true,"href":"https:\/\/www.3p-gmbh.de\/fr\/wp-json\/wp\/v2\/product_tag?post=92647"}],"curies":[{"name":"wp","href":"https:\/\/api.w.org\/{rel}","templated":true}]}}