{"id":92644,"date":"2019-07-11T13:52:51","date_gmt":"2019-07-11T13:52:51","guid":{"rendered":"https:\/\/www.3p-gmbh.de\/produkt\/palamides-delta-705-sortie-de-botte\/"},"modified":"2019-07-11T13:52:51","modified_gmt":"2019-07-11T13:52:51","slug":"sortie-automatique-des-boudins","status":"publish","type":"product","link":"https:\/\/www.3p-gmbh.de\/fr\/produkt\/sortie-automatique-des-boudins\/","title":{"rendered":"Palamides Delta 705 Sortie de botte"},"content":{"rendered":"<ul>\n<li>Largeur de travail 700 mm avec banderolage 5 fois<\/li>\n<li>Plage de formats max. 760 x 305mm, min. 110 x 95 mm<\/li>\n<li>largeur de bande 30 mm<\/li>\n<li>d\u00e9tection automatique du format et de la feuille de maculature<\/li>\n<li>Poste de pressage avec pr\u00e9-pressage et pressage principal, avec rouleau de pressage principal<\/li>\n<li>Paquet pressage<\/li>\n<li>Station vibrante<\/li>\n<li>autom. R\u00e9glage du format<\/li>\n<li>Affichage grand format<\/li>\n<li>Diff\u00e9rents modes de fonctionnement, margeur en \u00e9cailles ou feuille \u00e0 feuille, r\u00e9glage rapide, compteur, regroupement de barres<\/li>\n<li>Rendement de 600 paquets par heure<\/li>\n<li>Hauteur du paquet : min. 20 mm<\/li>\n<li>Hauteur du paquet : max. 150 mm<\/li>\n<li>Performance : 600 paquets\/h par utilit\u00e9<\/li>\n<li>Vitesse : jusqu&rsquo;\u00e0 60.000 pi\u00e8ces\/heure<\/li>\n<li>Vitesse : 15-205 m\/min<\/li>\n<li>Raccordement \u00e9lectrique : 6KW<\/li>\n<li>hauteur d&rsquo;entr\u00e9e : 410mm &#8211; 1000mm<\/li>\n<\/ul>\n","protected":false},"excerpt":{"rendered":"<p>Largeur de travail 700 mm avec banderolage 5 fois Plage de formats max. 760 x 305mm, min. 110 x 95 mm largeur de bande 30 mm d\u00e9tection automatique du format et de la feuille de maculature Poste de pressage avec pr\u00e9-pressage et pressage principal, avec rouleau de pressage principal Paquet pressage Station vibrante autom. R\u00e9glage [&hellip;]<\/p>\n","protected":false},"featured_media":54676,"template":"","meta":[],"product_brand":[],"product_cat":[2916],"product_tag":[],"class_list":{"0":"post-92644","1":"product","2":"type-product","3":"status-publish","4":"has-post-thumbnail","6":"product_cat-depenses","7":"pa_baujahr-168","8":"pa_hersteller-palamides","9":"pa_typ-delta-705","11":"first","12":"instock","13":"sold-individually","14":"taxable","15":"shipping-taxable","16":"purchasable","17":"product-type-simple"},"jetpack_sharing_enabled":true,"_links":{"self":[{"href":"https:\/\/www.3p-gmbh.de\/fr\/wp-json\/wp\/v2\/product\/92644","targetHints":{"allow":["GET"]}}],"collection":[{"href":"https:\/\/www.3p-gmbh.de\/fr\/wp-json\/wp\/v2\/product"}],"about":[{"href":"https:\/\/www.3p-gmbh.de\/fr\/wp-json\/wp\/v2\/types\/product"}],"wp:featuredmedia":[{"embeddable":true,"href":"https:\/\/www.3p-gmbh.de\/fr\/wp-json\/wp\/v2\/media\/54676"}],"wp:attachment":[{"href":"https:\/\/www.3p-gmbh.de\/fr\/wp-json\/wp\/v2\/media?parent=92644"}],"wp:term":[{"taxonomy":"product_brand","embeddable":true,"href":"https:\/\/www.3p-gmbh.de\/fr\/wp-json\/wp\/v2\/product_brand?post=92644"},{"taxonomy":"product_cat","embeddable":true,"href":"https:\/\/www.3p-gmbh.de\/fr\/wp-json\/wp\/v2\/product_cat?post=92644"},{"taxonomy":"product_tag","embeddable":true,"href":"https:\/\/www.3p-gmbh.de\/fr\/wp-json\/wp\/v2\/product_tag?post=92644"}],"curies":[{"name":"wp","href":"https:\/\/api.w.org\/{rel}","templated":true}]}}