{"id":92631,"date":"2019-07-11T13:53:00","date_gmt":"2019-07-11T13:53:00","guid":{"rendered":"https:\/\/www.3p-gmbh.de\/produkt\/groupe-dimpression-heidelberg-pour-pm-qm-46\/"},"modified":"2019-07-11T13:53:00","modified_gmt":"2019-07-11T13:53:00","slug":"usine-dimpression","status":"publish","type":"product","link":"https:\/\/www.3p-gmbh.de\/fr\/produkt\/usine-dimpression\/","title":{"rendered":"Groupe d&rsquo;impression Heidelberg pour PM\/QM 46"},"content":{"rendered":"<ul>\n<li>pour Heidelberg Printmaster ou Quickmaster mod\u00e8les 46 (versions Plus avec entra\u00eenement pr\u00e9-\u00e9quip\u00e9)<\/li>\n<li>1 chariot de transport et de stockage pour une insertion ais\u00e9e<\/li>\n<li>1 encrier avec rouleaux encreurs<\/li>\n<li>1 arbre du num\u00e9rateur<\/li>\n<li>2 bras de commutation<\/li>\n<li>2 anneaux de si\u00e8ge<\/li>\n<li>2 dispositifs de num\u00e9rotation<\/li>\n<li>2 supports de clich\u00e9s<\/li>\n<\/ul>\n","protected":false},"excerpt":{"rendered":"<p>pour Heidelberg Printmaster ou Quickmaster mod\u00e8les 46 (versions Plus avec entra\u00eenement pr\u00e9-\u00e9quip\u00e9) 1 chariot de transport et de stockage pour une insertion ais\u00e9e 1 encrier avec rouleaux encreurs 1 arbre du num\u00e9rateur 2 bras de commutation 2 anneaux de si\u00e8ge 2 dispositifs de num\u00e9rotation 2 supports de clich\u00e9s<\/p>\n","protected":false},"featured_media":54756,"template":"","meta":[],"product_brand":[],"product_cat":[2902],"product_tag":[],"class_list":{"0":"post-92631","1":"product","2":"type-product","3":"status-publish","4":"has-post-thumbnail","6":"product_cat-accessoires-et-pieces-de-rechange-pour-machines-dimpression","7":"pa_baujahr-326","8":"pa_hersteller-heidelberg","9":"pa_typ-pm-46-qm-46","11":"first","12":"instock","13":"sold-individually","14":"taxable","15":"shipping-taxable","16":"purchasable","17":"product-type-simple"},"jetpack_sharing_enabled":true,"_links":{"self":[{"href":"https:\/\/www.3p-gmbh.de\/fr\/wp-json\/wp\/v2\/product\/92631","targetHints":{"allow":["GET"]}}],"collection":[{"href":"https:\/\/www.3p-gmbh.de\/fr\/wp-json\/wp\/v2\/product"}],"about":[{"href":"https:\/\/www.3p-gmbh.de\/fr\/wp-json\/wp\/v2\/types\/product"}],"wp:featuredmedia":[{"embeddable":true,"href":"https:\/\/www.3p-gmbh.de\/fr\/wp-json\/wp\/v2\/media\/54756"}],"wp:attachment":[{"href":"https:\/\/www.3p-gmbh.de\/fr\/wp-json\/wp\/v2\/media?parent=92631"}],"wp:term":[{"taxonomy":"product_brand","embeddable":true,"href":"https:\/\/www.3p-gmbh.de\/fr\/wp-json\/wp\/v2\/product_brand?post=92631"},{"taxonomy":"product_cat","embeddable":true,"href":"https:\/\/www.3p-gmbh.de\/fr\/wp-json\/wp\/v2\/product_cat?post=92631"},{"taxonomy":"product_tag","embeddable":true,"href":"https:\/\/www.3p-gmbh.de\/fr\/wp-json\/wp\/v2\/product_tag?post=92631"}],"curies":[{"name":"wp","href":"https:\/\/api.w.org\/{rel}","templated":true}]}}