{"id":92629,"date":"2019-07-11T13:53:00","date_gmt":"2019-07-11T13:53:00","guid":{"rendered":"https:\/\/www.3p-gmbh.de\/produkt\/heidelberg-table-a-langer-pour-lingettes-pour-sm-52\/"},"modified":"2019-07-11T13:53:00","modified_gmt":"2019-07-11T13:53:00","slug":"banc-a-langer-electrique-pour-linge-de-toilette","status":"publish","type":"product","link":"https:\/\/www.3p-gmbh.de\/fr\/produkt\/banc-a-langer-electrique-pour-linge-de-toilette\/","title":{"rendered":"Heidelberg Table \u00e0 langer pour lingettes pour SM 52"},"content":{"rendered":"<p>L&rsquo;appareil convient \u00e0 la production autonome de rouleaux de lavage \u00e0 partir de bobines de 500 m\u00e8tres, par exemple Dupont Sontara PrintMaster pour les laveuses de tissus Baldwin, Technotrans, Elettra jusqu&rsquo;\u00e0 65 cm.<\/p>\n","protected":false},"excerpt":{"rendered":"<p>L&rsquo;appareil convient \u00e0 la production autonome de rouleaux de lavage \u00e0 partir de bobines de 500 m\u00e8tres, par exemple Dupont Sontara PrintMaster pour les laveuses de tissus Baldwin, Technotrans, Elettra jusqu&rsquo;\u00e0 65 cm.<\/p>\n","protected":false},"featured_media":54760,"template":"","meta":[],"product_brand":[],"product_cat":[2902],"product_tag":[],"class_list":{"0":"post-92629","1":"product","2":"type-product","3":"status-publish","4":"has-post-thumbnail","6":"product_cat-accessoires-et-pieces-de-rechange-pour-machines-dimpression","7":"pa_baujahr-127","8":"pa_hersteller-heidelberg","9":"pa_typ-wickelstand-52","11":"first","12":"instock","13":"sold-individually","14":"taxable","15":"shipping-taxable","16":"purchasable","17":"product-type-simple"},"jetpack_sharing_enabled":true,"_links":{"self":[{"href":"https:\/\/www.3p-gmbh.de\/fr\/wp-json\/wp\/v2\/product\/92629","targetHints":{"allow":["GET"]}}],"collection":[{"href":"https:\/\/www.3p-gmbh.de\/fr\/wp-json\/wp\/v2\/product"}],"about":[{"href":"https:\/\/www.3p-gmbh.de\/fr\/wp-json\/wp\/v2\/types\/product"}],"wp:featuredmedia":[{"embeddable":true,"href":"https:\/\/www.3p-gmbh.de\/fr\/wp-json\/wp\/v2\/media\/54760"}],"wp:attachment":[{"href":"https:\/\/www.3p-gmbh.de\/fr\/wp-json\/wp\/v2\/media?parent=92629"}],"wp:term":[{"taxonomy":"product_brand","embeddable":true,"href":"https:\/\/www.3p-gmbh.de\/fr\/wp-json\/wp\/v2\/product_brand?post=92629"},{"taxonomy":"product_cat","embeddable":true,"href":"https:\/\/www.3p-gmbh.de\/fr\/wp-json\/wp\/v2\/product_cat?post=92629"},{"taxonomy":"product_tag","embeddable":true,"href":"https:\/\/www.3p-gmbh.de\/fr\/wp-json\/wp\/v2\/product_tag?post=92629"}],"curies":[{"name":"wp","href":"https:\/\/api.w.org\/{rel}","templated":true}]}}