{"id":92623,"date":"2019-07-11T13:53:00","date_gmt":"2019-07-11T13:53:00","guid":{"rendered":"https:\/\/www.3p-gmbh.de\/produkt\/pgf-ergoline-sortie-haute-en-ecailles\/"},"modified":"2019-07-11T13:53:00","modified_gmt":"2019-07-11T13:53:00","slug":"exposition-haute-decailles","status":"publish","type":"product","link":"https:\/\/www.3p-gmbh.de\/fr\/produkt\/exposition-haute-decailles\/","title":{"rendered":"PGF Ergoline Sortie haute en \u00e9cailles"},"content":{"rendered":"<p>Le syst\u00e8me de sortie PGF Ergoline B permet \u00e9galement \u00e0 une seule personne de produire sur des machines d&rsquo;impression multicolores plus longues. Le confort de l&rsquo;imprimante, la capacit\u00e9 et l&rsquo;automatisation sont des facteurs d\u00e9terminants.<\/p>\n<p>Fonction d&rsquo;\u00e9jection rapide<br \/>\n\u00c9jection individuelle au pr\u00e9alable comme \u00e9chantillon pour contr\u00f4le.<\/p>\n<p>Autostop<br \/>\nArr\u00eat et d\u00e9marrage automatiques avec la machine \u00e0 imprimer.<\/p>\n<p>Signal d&#8217;empilement<br \/>\nModule de communication avec Maxifeeder pour le r\u00e9-empilage au feeder.<\/p>\n<p>hauteur de travail : 85 cm \u00e0 105 cm<br \/>\nDimensions : longueur 155 cm, largeur 46 cm, poids 65 kg<\/p>\n","protected":false},"excerpt":{"rendered":"<p>Le syst\u00e8me de sortie PGF Ergoline B permet \u00e9galement \u00e0 une seule personne de produire sur des machines d&rsquo;impression multicolores plus longues. Le confort de l&rsquo;imprimante, la capacit\u00e9 et l&rsquo;automatisation sont des facteurs d\u00e9terminants. Fonction d&rsquo;\u00e9jection rapide \u00c9jection individuelle au pr\u00e9alable comme \u00e9chantillon pour contr\u00f4le. Autostop Arr\u00eat et d\u00e9marrage automatiques avec la machine \u00e0 imprimer. [&hellip;]<\/p>\n","protected":false},"featured_media":54761,"template":"","meta":[],"product_brand":[],"product_cat":[2916],"product_tag":[],"class_list":{"0":"post-92623","1":"product","2":"type-product","3":"status-publish","4":"has-post-thumbnail","6":"product_cat-depenses","7":"pa_baujahr-205","8":"pa_hersteller-pgf","9":"pa_typ-ergoline-schuppenhochauslage","11":"first","12":"instock","13":"sold-individually","14":"taxable","15":"shipping-taxable","16":"purchasable","17":"product-type-simple"},"jetpack_sharing_enabled":true,"_links":{"self":[{"href":"https:\/\/www.3p-gmbh.de\/fr\/wp-json\/wp\/v2\/product\/92623","targetHints":{"allow":["GET"]}}],"collection":[{"href":"https:\/\/www.3p-gmbh.de\/fr\/wp-json\/wp\/v2\/product"}],"about":[{"href":"https:\/\/www.3p-gmbh.de\/fr\/wp-json\/wp\/v2\/types\/product"}],"wp:featuredmedia":[{"embeddable":true,"href":"https:\/\/www.3p-gmbh.de\/fr\/wp-json\/wp\/v2\/media\/54761"}],"wp:attachment":[{"href":"https:\/\/www.3p-gmbh.de\/fr\/wp-json\/wp\/v2\/media?parent=92623"}],"wp:term":[{"taxonomy":"product_brand","embeddable":true,"href":"https:\/\/www.3p-gmbh.de\/fr\/wp-json\/wp\/v2\/product_brand?post=92623"},{"taxonomy":"product_cat","embeddable":true,"href":"https:\/\/www.3p-gmbh.de\/fr\/wp-json\/wp\/v2\/product_cat?post=92623"},{"taxonomy":"product_tag","embeddable":true,"href":"https:\/\/www.3p-gmbh.de\/fr\/wp-json\/wp\/v2\/product_tag?post=92623"}],"curies":[{"name":"wp","href":"https:\/\/api.w.org\/{rel}","templated":true}]}}