{"id":92622,"date":"2019-07-11T13:53:00","date_gmt":"2019-07-11T13:53:00","guid":{"rendered":"https:\/\/www.3p-gmbh.de\/produkt\/spetrometre-a-balayage-x-rite-atd\/"},"modified":"2019-07-11T13:53:00","modified_gmt":"2019-07-11T13:53:00","slug":"scan-spetrometer","status":"publish","type":"product","link":"https:\/\/www.3p-gmbh.de\/fr\/produkt\/scan-spetrometer\/","title":{"rendered":"Spetrom\u00e8tre \u00e0 balayage X-Rite ATD"},"content":{"rendered":"<p>L&rsquo;ATD de X-Rite est un densitom\u00e8tre \u00e0 balayage automatique avec une t\u00eate de mesure spectrale. Il est utilis\u00e9 pour mesurer automatiquement les bandes de contr\u00f4le d&rsquo;impression. Le logiciel ATD permet de documenter la qualit\u00e9 d&rsquo;impression et informe en un coup d&rsquo;\u0153il sur toutes les donn\u00e9es couleur importantes, telles que les valeurs de densit\u00e9 ou l&rsquo;augmentation de la valeur tonale. L&rsquo;acquisition rapide de tous les champs de mesure permet de r\u00e9duire consid\u00e9rablement les temps de r\u00e9glage et de maintenir la qualit\u00e9 \u00e0 un niveau \u00e9lev\u00e9 et constant.<\/p>\n<p>Contenu de la livraison :<\/p>\n<ul>\n<li>Densitom\u00e8tre ATD<\/li>\n<li>Pompe \u00e0 vide<\/li>\n<li>Logiciel ATD version 2.07<\/li>\n<li>C\u00e2blage complet et tuyaux d&rsquo;air comprim\u00e9<\/li>\n<\/ul>\n","protected":false},"excerpt":{"rendered":"<p>L&rsquo;ATD de X-Rite est un densitom\u00e8tre \u00e0 balayage automatique avec une t\u00eate de mesure spectrale. Il est utilis\u00e9 pour mesurer automatiquement les bandes de contr\u00f4le d&rsquo;impression. Le logiciel ATD permet de documenter la qualit\u00e9 d&rsquo;impression et informe en un coup d&rsquo;\u0153il sur toutes les donn\u00e9es couleur importantes, telles que les valeurs de densit\u00e9 ou l&rsquo;augmentation [&hellip;]<\/p>\n","protected":false},"featured_media":54762,"template":"","meta":[],"product_brand":[],"product_cat":[2930],"product_tag":[],"class_list":{"0":"post-92622","1":"product","2":"type-product","3":"status-publish","4":"has-post-thumbnail","6":"product_cat-instruments-de-mesure-et-assurance-qualite","7":"pa_baujahr-198","8":"pa_hersteller-x-rite","9":"pa_typ-atd","11":"first","12":"instock","13":"sold-individually","14":"taxable","15":"shipping-taxable","16":"purchasable","17":"product-type-simple"},"jetpack_sharing_enabled":true,"_links":{"self":[{"href":"https:\/\/www.3p-gmbh.de\/fr\/wp-json\/wp\/v2\/product\/92622","targetHints":{"allow":["GET"]}}],"collection":[{"href":"https:\/\/www.3p-gmbh.de\/fr\/wp-json\/wp\/v2\/product"}],"about":[{"href":"https:\/\/www.3p-gmbh.de\/fr\/wp-json\/wp\/v2\/types\/product"}],"wp:featuredmedia":[{"embeddable":true,"href":"https:\/\/www.3p-gmbh.de\/fr\/wp-json\/wp\/v2\/media\/54762"}],"wp:attachment":[{"href":"https:\/\/www.3p-gmbh.de\/fr\/wp-json\/wp\/v2\/media?parent=92622"}],"wp:term":[{"taxonomy":"product_brand","embeddable":true,"href":"https:\/\/www.3p-gmbh.de\/fr\/wp-json\/wp\/v2\/product_brand?post=92622"},{"taxonomy":"product_cat","embeddable":true,"href":"https:\/\/www.3p-gmbh.de\/fr\/wp-json\/wp\/v2\/product_cat?post=92622"},{"taxonomy":"product_tag","embeddable":true,"href":"https:\/\/www.3p-gmbh.de\/fr\/wp-json\/wp\/v2\/product_tag?post=92622"}],"curies":[{"name":"wp","href":"https:\/\/api.w.org\/{rel}","templated":true}]}}