{"id":92614,"date":"2019-07-11T13:53:00","date_gmt":"2019-07-11T13:53:00","guid":{"rendered":"https:\/\/www.3p-gmbh.de\/produkt\/retourneur-de-piles-polar-pw-1\/"},"modified":"2019-07-11T13:53:00","modified_gmt":"2019-07-11T13:53:00","slug":"retourneur-de-piles-3","status":"publish","type":"product","link":"https:\/\/www.3p-gmbh.de\/fr\/produkt\/retourneur-de-piles-3\/","title":{"rendered":"Retourneur de piles Polar PW-1"},"content":{"rendered":"<ul>\n<li>max. format de feuille 52 x 74 cm<\/li>\n<li>dimensions int\u00e9rieures du bac 525 x 840 mm<\/li>\n<li>max. ouverture 1255 mm<\/li>\n<li>min. ouverture 470 mm<\/li>\n<li>Poids de palette max. 500 kg<\/li>\n<\/ul>\n<p>Le retourneur de piles prend la pile entre les bacs d&rsquo;un c\u00f4t\u00e9 de l&rsquo;appareil, la tourne automatiquement autour de l&rsquo;axe horizontal et la d\u00e9pose retourn\u00e9e de l&rsquo;autre c\u00f4t\u00e9 de l&rsquo;appareil. Il a besoin d&rsquo;un ancrage au sol, mais pas de rails ou de fosse. Lors du transfert, les feuilles fra\u00eechement imprim\u00e9es sont \u00e9galement trait\u00e9es avec soin. Les dommages ou les marques qui ne peuvent pas toujours \u00eatre \u00e9vit\u00e9s lors d&rsquo;un d\u00e9placement manuel sont exclus. Toutes les fonctions sont facilement contr\u00f4lables depuis le pupitre de commande.<\/p>\n","protected":false},"excerpt":{"rendered":"<p>max. format de feuille 52 x 74 cm dimensions int\u00e9rieures du bac 525 x 840 mm max. ouverture 1255 mm min. ouverture 470 mm Poids de palette max. 500 kg Le retourneur de piles prend la pile entre les bacs d&rsquo;un c\u00f4t\u00e9 de l&rsquo;appareil, la tourne automatiquement autour de l&rsquo;axe horizontal et la d\u00e9pose retourn\u00e9e [&hellip;]<\/p>\n","protected":false},"featured_media":57158,"template":"","meta":[],"product_brand":[],"product_cat":[2896],"product_tag":[],"class_list":{"0":"post-92614","1":"product","2":"type-product","3":"status-publish","4":"has-post-thumbnail","6":"product_cat-retourneur-de-piles","7":"pa_baujahr-130","8":"pa_hersteller-polar-mohr","9":"pa_typ-polar-pw-1","11":"first","12":"instock","13":"sold-individually","14":"taxable","15":"shipping-taxable","16":"purchasable","17":"product-type-simple"},"jetpack_sharing_enabled":true,"_links":{"self":[{"href":"https:\/\/www.3p-gmbh.de\/fr\/wp-json\/wp\/v2\/product\/92614","targetHints":{"allow":["GET"]}}],"collection":[{"href":"https:\/\/www.3p-gmbh.de\/fr\/wp-json\/wp\/v2\/product"}],"about":[{"href":"https:\/\/www.3p-gmbh.de\/fr\/wp-json\/wp\/v2\/types\/product"}],"wp:featuredmedia":[{"embeddable":true,"href":"https:\/\/www.3p-gmbh.de\/fr\/wp-json\/wp\/v2\/media\/57158"}],"wp:attachment":[{"href":"https:\/\/www.3p-gmbh.de\/fr\/wp-json\/wp\/v2\/media?parent=92614"}],"wp:term":[{"taxonomy":"product_brand","embeddable":true,"href":"https:\/\/www.3p-gmbh.de\/fr\/wp-json\/wp\/v2\/product_brand?post=92614"},{"taxonomy":"product_cat","embeddable":true,"href":"https:\/\/www.3p-gmbh.de\/fr\/wp-json\/wp\/v2\/product_cat?post=92614"},{"taxonomy":"product_tag","embeddable":true,"href":"https:\/\/www.3p-gmbh.de\/fr\/wp-json\/wp\/v2\/product_tag?post=92614"}],"curies":[{"name":"wp","href":"https:\/\/api.w.org\/{rel}","templated":true}]}}