{"id":92611,"date":"2019-07-11T13:53:00","date_gmt":"2019-07-11T13:53:00","guid":{"rendered":"https:\/\/www.3p-gmbh.de\/produkt\/systeme-de-finition-cito-rsp-pour-sm-52\/"},"modified":"2019-07-11T13:53:00","modified_gmt":"2019-07-11T13:53:00","slug":"systeme-de-finition-cito-rsp","status":"publish","type":"product","link":"https:\/\/www.3p-gmbh.de\/fr\/produkt\/systeme-de-finition-cito-rsp\/","title":{"rendered":"Syst\u00e8me de finition Cito RSP pour SM-52"},"content":{"rendered":"<p>Rainurage, poin\u00e7onnage, d\u00e9coupage et perforation en ligne : sans machine suppl\u00e9mentaire, sans personnel suppl\u00e9mentaire et sans processus de traitement fastidieux. Le syst\u00e8me RSP convient aux exigences les plus diverses : pour les chemises et les perforations, pour les d\u00e9coupes ainsi que pour les rainures exigeantes. Le syst\u00e8me RSP est une alternative \u00e9conomique et rapide au traitement classique de vos produits et vous offre en outre les avantages suivants :<\/p>\n<ul>\n<li>feuille de stand r\u00e9utilisable et archivable<\/li>\n<li>changement rapide dans la machine en cas de travaux d&rsquo;impression successifs<\/li>\n<li>qualit\u00e9 \u00e9lev\u00e9e gr\u00e2ce \u00e0 la possibilit\u00e9 de r\u00e9glage du registre<\/li>\n<\/ul>\n","protected":false},"excerpt":{"rendered":"<p>Rainurage, poin\u00e7onnage, d\u00e9coupage et perforation en ligne : sans machine suppl\u00e9mentaire, sans personnel suppl\u00e9mentaire et sans processus de traitement fastidieux. Le syst\u00e8me RSP convient aux exigences les plus diverses : pour les chemises et les perforations, pour les d\u00e9coupes ainsi que pour les rainures exigeantes. Le syst\u00e8me RSP est une alternative \u00e9conomique et rapide au [&hellip;]<\/p>\n","protected":false},"featured_media":54751,"template":"","meta":[],"product_brand":[],"product_cat":[2902],"product_tag":[],"class_list":{"0":"post-92611","1":"product","2":"type-product","3":"status-publish","4":"has-post-thumbnail","6":"product_cat-accessoires-et-pieces-de-rechange-pour-machines-dimpression","7":"pa_baujahr-168","8":"pa_hersteller-cito","9":"pa_typ-citosystem-sm-52-dk","11":"first","12":"instock","13":"sold-individually","14":"taxable","15":"shipping-taxable","16":"purchasable","17":"product-type-simple"},"jetpack_sharing_enabled":true,"_links":{"self":[{"href":"https:\/\/www.3p-gmbh.de\/fr\/wp-json\/wp\/v2\/product\/92611","targetHints":{"allow":["GET"]}}],"collection":[{"href":"https:\/\/www.3p-gmbh.de\/fr\/wp-json\/wp\/v2\/product"}],"about":[{"href":"https:\/\/www.3p-gmbh.de\/fr\/wp-json\/wp\/v2\/types\/product"}],"wp:featuredmedia":[{"embeddable":true,"href":"https:\/\/www.3p-gmbh.de\/fr\/wp-json\/wp\/v2\/media\/54751"}],"wp:attachment":[{"href":"https:\/\/www.3p-gmbh.de\/fr\/wp-json\/wp\/v2\/media?parent=92611"}],"wp:term":[{"taxonomy":"product_brand","embeddable":true,"href":"https:\/\/www.3p-gmbh.de\/fr\/wp-json\/wp\/v2\/product_brand?post=92611"},{"taxonomy":"product_cat","embeddable":true,"href":"https:\/\/www.3p-gmbh.de\/fr\/wp-json\/wp\/v2\/product_cat?post=92611"},{"taxonomy":"product_tag","embeddable":true,"href":"https:\/\/www.3p-gmbh.de\/fr\/wp-json\/wp\/v2\/product_tag?post=92611"}],"curies":[{"name":"wp","href":"https:\/\/api.w.org\/{rel}","templated":true}]}}