{"id":92598,"date":"2019-07-11T13:51:48","date_gmt":"2019-07-11T13:51:48","guid":{"rendered":"https:\/\/www.3p-gmbh.de\/produkt\/cercleuse-cyklop-ampag-sprint-sm-1\/"},"modified":"2019-07-11T13:51:48","modified_gmt":"2019-07-11T13:51:48","slug":"machine-a-cercler-2","status":"publish","type":"product","link":"https:\/\/www.3p-gmbh.de\/fr\/produkt\/machine-a-cercler-2\/","title":{"rendered":"Cercleuse Cyklop Ampag Sprint SM 1"},"content":{"rendered":"<ul>\n<li>Performance des paquets (paquets\/min) : 42<\/li>\n<li>largeur de bande r\u00e9gl\u00e9e \u00e0 5 mm<\/li>\n<li>Min. Longueur du paquet (mm) : sans limite<\/li>\n<li>Max. Longueur du paquet (mm) : sans limite<\/li>\n<li>Min. Largeur du paquet (mm) : 100<\/li>\n<li>Max. Largeur du paquet (mm) : 600<\/li>\n<li>Min. Hauteur du paquet (mm) : 20<\/li>\n<li>Max. Hauteur du paquet (mm) : 600<\/li>\n<li>Max. Poids du colis (kg) : 30<\/li>\n<\/ul>\n","protected":false},"excerpt":{"rendered":"<p>Performance des paquets (paquets\/min) : 42 largeur de bande r\u00e9gl\u00e9e \u00e0 5 mm Min. Longueur du paquet (mm) : sans limite Max. Longueur du paquet (mm) : sans limite Min. Largeur du paquet (mm) : 100 Max. Largeur du paquet (mm) : 600 Min. Hauteur du paquet (mm) : 20 Max. Hauteur du paquet (mm) [&hellip;]<\/p>\n","protected":false},"featured_media":54303,"template":"","meta":[],"product_brand":[],"product_cat":[3002],"product_tag":[],"class_list":{"0":"post-92598","1":"product","2":"type-product","3":"status-publish","4":"has-post-thumbnail","6":"product_cat-machines-de-cerclage","7":"pa_baujahr-182","8":"pa_hersteller-cyklop-smb","9":"pa_typ-ampag-sprint-sm-1","11":"first","12":"instock","13":"sold-individually","14":"taxable","15":"shipping-taxable","16":"purchasable","17":"product-type-simple"},"jetpack_sharing_enabled":true,"_links":{"self":[{"href":"https:\/\/www.3p-gmbh.de\/fr\/wp-json\/wp\/v2\/product\/92598","targetHints":{"allow":["GET"]}}],"collection":[{"href":"https:\/\/www.3p-gmbh.de\/fr\/wp-json\/wp\/v2\/product"}],"about":[{"href":"https:\/\/www.3p-gmbh.de\/fr\/wp-json\/wp\/v2\/types\/product"}],"wp:featuredmedia":[{"embeddable":true,"href":"https:\/\/www.3p-gmbh.de\/fr\/wp-json\/wp\/v2\/media\/54303"}],"wp:attachment":[{"href":"https:\/\/www.3p-gmbh.de\/fr\/wp-json\/wp\/v2\/media?parent=92598"}],"wp:term":[{"taxonomy":"product_brand","embeddable":true,"href":"https:\/\/www.3p-gmbh.de\/fr\/wp-json\/wp\/v2\/product_brand?post=92598"},{"taxonomy":"product_cat","embeddable":true,"href":"https:\/\/www.3p-gmbh.de\/fr\/wp-json\/wp\/v2\/product_cat?post=92598"},{"taxonomy":"product_tag","embeddable":true,"href":"https:\/\/www.3p-gmbh.de\/fr\/wp-json\/wp\/v2\/product_tag?post=92598"}],"curies":[{"name":"wp","href":"https:\/\/api.w.org\/{rel}","templated":true}]}}