{"id":92589,"date":"2019-07-11T13:51:48","date_gmt":"2019-07-11T13:51:48","guid":{"rendered":"https:\/\/www.3p-gmbh.de\/produkt\/cercleuse-pneumatique-cyklop-or-h-21a-pour-feuillard-acier\/"},"modified":"2019-07-11T13:51:48","modified_gmt":"2019-07-11T13:51:48","slug":"appareil-de-cerclage-pneumatique-en-acier","status":"publish","type":"product","link":"https:\/\/www.3p-gmbh.de\/fr\/produkt\/appareil-de-cerclage-pneumatique-en-acier\/","title":{"rendered":"Cercleuse pneumatique Cyklop OR-H 21A pour feuillard acier"},"content":{"rendered":"<ul>\n<li>pour les colis rectilignes<\/li>\n<li>Fermeture \u00e0 l&#8217;emporte-pi\u00e8ce sans scell\u00e9<\/li>\n<li>largeur de bande : 12,7 mm<\/li>\n<li>\u00c9paisseur de la bande : 0,5 \u00e0 0,8 mm<\/li>\n<li>Tirage minimum : 130 mm<\/li>\n<li>Force de serrage : 4000 N<\/li>\n<li>poids : 9,7 kg<\/li>\n<\/ul>\n","protected":false},"excerpt":{"rendered":"<p>pour les colis rectilignes Fermeture \u00e0 l&#8217;emporte-pi\u00e8ce sans scell\u00e9 largeur de bande : 12,7 mm \u00c9paisseur de la bande : 0,5 \u00e0 0,8 mm Tirage minimum : 130 mm Force de serrage : 4000 N poids : 9,7 kg<\/p>\n","protected":false},"featured_media":54293,"template":"","meta":[],"product_brand":[],"product_cat":[3002],"product_tag":[],"class_list":{"0":"post-92589","1":"product","2":"type-product","3":"status-publish","4":"has-post-thumbnail","6":"product_cat-machines-de-cerclage","7":"pa_hersteller-cyklop","8":"pa_typ-or-h-21a","10":"first","11":"instock","12":"sold-individually","13":"taxable","14":"shipping-taxable","15":"purchasable","16":"product-type-simple"},"jetpack_sharing_enabled":true,"_links":{"self":[{"href":"https:\/\/www.3p-gmbh.de\/fr\/wp-json\/wp\/v2\/product\/92589","targetHints":{"allow":["GET"]}}],"collection":[{"href":"https:\/\/www.3p-gmbh.de\/fr\/wp-json\/wp\/v2\/product"}],"about":[{"href":"https:\/\/www.3p-gmbh.de\/fr\/wp-json\/wp\/v2\/types\/product"}],"wp:featuredmedia":[{"embeddable":true,"href":"https:\/\/www.3p-gmbh.de\/fr\/wp-json\/wp\/v2\/media\/54293"}],"wp:attachment":[{"href":"https:\/\/www.3p-gmbh.de\/fr\/wp-json\/wp\/v2\/media?parent=92589"}],"wp:term":[{"taxonomy":"product_brand","embeddable":true,"href":"https:\/\/www.3p-gmbh.de\/fr\/wp-json\/wp\/v2\/product_brand?post=92589"},{"taxonomy":"product_cat","embeddable":true,"href":"https:\/\/www.3p-gmbh.de\/fr\/wp-json\/wp\/v2\/product_cat?post=92589"},{"taxonomy":"product_tag","embeddable":true,"href":"https:\/\/www.3p-gmbh.de\/fr\/wp-json\/wp\/v2\/product_tag?post=92589"}],"curies":[{"name":"wp","href":"https:\/\/api.w.org\/{rel}","templated":true}]}}