{"id":92570,"date":"2019-07-11T13:51:55","date_gmt":"2019-07-11T13:51:55","guid":{"rendered":"https:\/\/www.3p-gmbh.de\/produkt\/prisma-01c3-balance-de-comparaison-et-de-controle\/"},"modified":"2019-07-11T13:51:55","modified_gmt":"2019-07-11T13:51:55","slug":"trieuse-ponderale-comparative-avec-ejection","status":"publish","type":"product","link":"https:\/\/www.3p-gmbh.de\/fr\/produkt\/trieuse-ponderale-comparative-avec-ejection\/","title":{"rendered":"Prisma 01C3 Balance de comparaison et de contr\u00f4le"},"content":{"rendered":"<ul>\n<li>balance de comparaison et de contr\u00f4le dynamique avec module d&rsquo;\u00e9jection et imprimante de contr\u00f4le<\/li>\n<li>Plage de mesure 0-600 g<\/li>\n<li>Vitesse 100m\/min.<\/li>\n<li>pr\u00e9cision +\/- 0,1 gramme<\/li>\n<li>Dimensions : environ 1,2 m x 1 m x 1,5 m<\/li>\n<\/ul>\n","protected":false},"excerpt":{"rendered":"<p>balance de comparaison et de contr\u00f4le dynamique avec module d&rsquo;\u00e9jection et imprimante de contr\u00f4le Plage de mesure 0-600 g Vitesse 100m\/min. pr\u00e9cision +\/- 0,1 gramme Dimensions : environ 1,2 m x 1 m x 1,5 m<\/p>\n","protected":false},"featured_media":54349,"template":"","meta":[],"product_brand":[],"product_cat":[3016,3068],"product_tag":[],"class_list":{"0":"post-92570","1":"product","2":"type-product","3":"status-publish","4":"has-post-thumbnail","6":"product_cat-machines-de-decoupe","7":"product_cat-tables-vibrantes","8":"pa_baujahr-209","9":"pa_hersteller-prisma-industriale","10":"pa_typ-prisma-01c3","12":"first","13":"instock","14":"sold-individually","15":"taxable","16":"shipping-taxable","17":"purchasable","18":"product-type-simple"},"jetpack_sharing_enabled":true,"_links":{"self":[{"href":"https:\/\/www.3p-gmbh.de\/fr\/wp-json\/wp\/v2\/product\/92570","targetHints":{"allow":["GET"]}}],"collection":[{"href":"https:\/\/www.3p-gmbh.de\/fr\/wp-json\/wp\/v2\/product"}],"about":[{"href":"https:\/\/www.3p-gmbh.de\/fr\/wp-json\/wp\/v2\/types\/product"}],"wp:featuredmedia":[{"embeddable":true,"href":"https:\/\/www.3p-gmbh.de\/fr\/wp-json\/wp\/v2\/media\/54349"}],"wp:attachment":[{"href":"https:\/\/www.3p-gmbh.de\/fr\/wp-json\/wp\/v2\/media?parent=92570"}],"wp:term":[{"taxonomy":"product_brand","embeddable":true,"href":"https:\/\/www.3p-gmbh.de\/fr\/wp-json\/wp\/v2\/product_brand?post=92570"},{"taxonomy":"product_cat","embeddable":true,"href":"https:\/\/www.3p-gmbh.de\/fr\/wp-json\/wp\/v2\/product_cat?post=92570"},{"taxonomy":"product_tag","embeddable":true,"href":"https:\/\/www.3p-gmbh.de\/fr\/wp-json\/wp\/v2\/product_tag?post=92570"}],"curies":[{"name":"wp","href":"https:\/\/api.w.org\/{rel}","templated":true}]}}