{"id":92554,"date":"2019-07-11T13:52:01","date_gmt":"2019-07-11T13:52:01","guid":{"rendered":"https:\/\/www.3p-gmbh.de\/produkt\/banderoleuse-automatique-ats-tanner-ultrasonic-2000-trs\/"},"modified":"2019-07-11T13:52:01","modified_gmt":"2019-07-11T13:52:01","slug":"banderoleuse-automatique","status":"publish","type":"product","link":"https:\/\/www.3p-gmbh.de\/fr\/produkt\/banderoleuse-automatique\/","title":{"rendered":"Banderoleuse automatique ATS Tanner Ultrasonic 2000 TRS"},"content":{"rendered":"<p>Gr\u00e2ce \u00e0 son convoyeur int\u00e9gr\u00e9, ce mod\u00e8le banderole en continu les produits les plus divers, convient aux cha\u00eenes d&#8217;emballage enti\u00e8rement automatiques et banderole en un seul processus de travail les produits les plus vari\u00e9s tels que les imprim\u00e9s, les formulaires informatiques, les denr\u00e9es alimentaires, les piles de linge ou les produits techniques.<\/p>\n<ul>\n<li>pas de passage du papier au ruban de film<\/li>\n<li>pas de temps de chauffe, imm\u00e9diatement pr\u00eat \u00e0 l&#8217;emploi<\/li>\n<li>sans formation d&rsquo;odeurs<\/li>\n<li>Contr\u00f4le par ordinateur et indicateur de panne LED<\/li>\n<li>D\u00e9rouleur pour rouleaux Jumbo<\/li>\n<li>Moins d&rsquo;entretien : plus de d\u00e9p\u00f4ts dus \u00e0 la cuisson du film ni de remplacement des \u00e9l\u00e9ments chauffants<\/li>\n<li>Rendement jusqu&rsquo;\u00e0 35 banderolages par minute<\/li>\n<li>Taille de la feuille 360 x 180 mm<\/li>\n<li>largeur de bande 30 mm<\/li>\n<li>Equipement sp\u00e9cial : double presse, centrage lat\u00e9ral des produits, d\u00e9tecteur de fin de bande, avec lampes.<\/li>\n<\/ul>\n","protected":false},"excerpt":{"rendered":"<p>Gr\u00e2ce \u00e0 son convoyeur int\u00e9gr\u00e9, ce mod\u00e8le banderole en continu les produits les plus divers, convient aux cha\u00eenes d&#8217;emballage enti\u00e8rement automatiques et banderole en un seul processus de travail les produits les plus vari\u00e9s tels que les imprim\u00e9s, les formulaires informatiques, les denr\u00e9es alimentaires, les piles de linge ou les produits techniques. pas de passage [&hellip;]<\/p>\n","protected":false},"featured_media":54400,"template":"","meta":[],"product_brand":[],"product_cat":[2855],"product_tag":[],"class_list":{"0":"post-92554","1":"product","2":"type-product","3":"status-publish","4":"has-post-thumbnail","6":"product_cat-banderoleuses","7":"pa_baujahr-130","8":"pa_hersteller-ats-tanner","9":"pa_typ-ats-us-2000-trs","11":"first","12":"instock","13":"sold-individually","14":"taxable","15":"shipping-taxable","16":"purchasable","17":"product-type-simple"},"jetpack_sharing_enabled":true,"_links":{"self":[{"href":"https:\/\/www.3p-gmbh.de\/fr\/wp-json\/wp\/v2\/product\/92554","targetHints":{"allow":["GET"]}}],"collection":[{"href":"https:\/\/www.3p-gmbh.de\/fr\/wp-json\/wp\/v2\/product"}],"about":[{"href":"https:\/\/www.3p-gmbh.de\/fr\/wp-json\/wp\/v2\/types\/product"}],"wp:featuredmedia":[{"embeddable":true,"href":"https:\/\/www.3p-gmbh.de\/fr\/wp-json\/wp\/v2\/media\/54400"}],"wp:attachment":[{"href":"https:\/\/www.3p-gmbh.de\/fr\/wp-json\/wp\/v2\/media?parent=92554"}],"wp:term":[{"taxonomy":"product_brand","embeddable":true,"href":"https:\/\/www.3p-gmbh.de\/fr\/wp-json\/wp\/v2\/product_brand?post=92554"},{"taxonomy":"product_cat","embeddable":true,"href":"https:\/\/www.3p-gmbh.de\/fr\/wp-json\/wp\/v2\/product_cat?post=92554"},{"taxonomy":"product_tag","embeddable":true,"href":"https:\/\/www.3p-gmbh.de\/fr\/wp-json\/wp\/v2\/product_tag?post=92554"}],"curies":[{"name":"wp","href":"https:\/\/api.w.org\/{rel}","templated":true}]}}