{"id":92553,"date":"2019-07-11T13:51:55","date_gmt":"2019-07-11T13:51:55","guid":{"rendered":"https:\/\/www.3p-gmbh.de\/produkt\/busch-tb-24-i-table-dassemblage\/"},"modified":"2019-07-11T13:51:55","modified_gmt":"2019-07-11T13:51:55","slug":"distributeur-de-table","status":"publish","type":"product","link":"https:\/\/www.3p-gmbh.de\/fr\/produkt\/distributeur-de-table\/","title":{"rendered":"Busch TB 24-I Table d&rsquo;assemblage"},"content":{"rendered":"<p>Le mat\u00e9riau utilis\u00e9 pour les liasses est du papier kraft couch\u00e9 (brun ou blanc) ou du film polypropyl\u00e8ne transparent. La machine est \u00e9quip\u00e9e d&rsquo;un \u00e9cran num\u00e9rique, d&rsquo;un indicateur d&rsquo;erreur et d&rsquo;une r\u00e9gulation \u00e9lectronique de la temp\u00e9rature.<\/p>\n<ul>\n<li>Possibilit\u00e9s de commande : D\u00e9clenchement individuel par bouton-poussoir, d\u00e9clenchement individuel par p\u00e9dale, d\u00e9clenchement automatique par capteur<\/li>\n<li>Mat\u00e9riau des liasses : papier kraft couch\u00e9, film polypropyl\u00e8ne (PP)<\/li>\n<li>largeur de bande 50mm ou 30mm (deux appareils disponibles)<\/li>\n<li>Longueur du rouleau : 150 m pour le papier kraft, 200 m pour le film plastique<\/li>\n<li>Capacit\u00e9 de la machine 20 &#8211; 25 cycles\/min<\/li>\n<li>Max. Dimension du paquet 240 mm de large pour le paquet de papier, 180 mm pour le paquet de film<\/li>\n<li>hauteur de la botte 150mm, longueur illimit\u00e9e<\/li>\n<\/ul>\n","protected":false},"excerpt":{"rendered":"<p>Le mat\u00e9riau utilis\u00e9 pour les liasses est du papier kraft couch\u00e9 (brun ou blanc) ou du film polypropyl\u00e8ne transparent. La machine est \u00e9quip\u00e9e d&rsquo;un \u00e9cran num\u00e9rique, d&rsquo;un indicateur d&rsquo;erreur et d&rsquo;une r\u00e9gulation \u00e9lectronique de la temp\u00e9rature. Possibilit\u00e9s de commande : D\u00e9clenchement individuel par bouton-poussoir, d\u00e9clenchement individuel par p\u00e9dale, d\u00e9clenchement automatique par capteur Mat\u00e9riau des liasses [&hellip;]<\/p>\n","protected":false},"featured_media":54341,"template":"","meta":[],"product_brand":[],"product_cat":[2855],"product_tag":[],"class_list":{"0":"post-92553","1":"product","2":"type-product","3":"status-publish","4":"has-post-thumbnail","6":"product_cat-banderoleuses","7":"pa_baujahr-205","8":"pa_hersteller-gerhard-busch","9":"pa_typ-tb-24-i","11":"first","12":"instock","13":"sold-individually","14":"taxable","15":"shipping-taxable","16":"purchasable","17":"product-type-simple"},"jetpack_sharing_enabled":true,"_links":{"self":[{"href":"https:\/\/www.3p-gmbh.de\/fr\/wp-json\/wp\/v2\/product\/92553","targetHints":{"allow":["GET"]}}],"collection":[{"href":"https:\/\/www.3p-gmbh.de\/fr\/wp-json\/wp\/v2\/product"}],"about":[{"href":"https:\/\/www.3p-gmbh.de\/fr\/wp-json\/wp\/v2\/types\/product"}],"wp:featuredmedia":[{"embeddable":true,"href":"https:\/\/www.3p-gmbh.de\/fr\/wp-json\/wp\/v2\/media\/54341"}],"wp:attachment":[{"href":"https:\/\/www.3p-gmbh.de\/fr\/wp-json\/wp\/v2\/media?parent=92553"}],"wp:term":[{"taxonomy":"product_brand","embeddable":true,"href":"https:\/\/www.3p-gmbh.de\/fr\/wp-json\/wp\/v2\/product_brand?post=92553"},{"taxonomy":"product_cat","embeddable":true,"href":"https:\/\/www.3p-gmbh.de\/fr\/wp-json\/wp\/v2\/product_cat?post=92553"},{"taxonomy":"product_tag","embeddable":true,"href":"https:\/\/www.3p-gmbh.de\/fr\/wp-json\/wp\/v2\/product_tag?post=92553"}],"curies":[{"name":"wp","href":"https:\/\/api.w.org\/{rel}","templated":true}]}}