{"id":92546,"date":"2019-07-11T13:52:01","date_gmt":"2019-07-11T13:52:01","guid":{"rendered":"https:\/\/www.3p-gmbh.de\/produkt\/busch-tb-22-banderoleuse\/"},"modified":"2019-07-11T13:52:01","modified_gmt":"2019-07-11T13:52:01","slug":"machine-a-bander","status":"publish","type":"product","link":"https:\/\/www.3p-gmbh.de\/fr\/produkt\/machine-a-bander\/","title":{"rendered":"Busch TB-22 Banderoleuse"},"content":{"rendered":"<p>Les banderoleuses ou les botteleuses cerclent les produits avec une banderole en papier kraft ou en film. La banderoleuse soude \u00e0 chaud la banderole de film ou le mat\u00e9riel de bottelage plastifi\u00e9 sur une face. Elle traite des banderoles d&rsquo;une largeur de 20 \u00e0 22 mm. Le d\u00e9clenchement se fait automatiquement au moyen d&rsquo;un capteur, \u00e0 la main ou avec la p\u00e9dale fournie.<\/p>\n","protected":false},"excerpt":{"rendered":"<p>Les banderoleuses ou les botteleuses cerclent les produits avec une banderole en papier kraft ou en film. La banderoleuse soude \u00e0 chaud la banderole de film ou le mat\u00e9riel de bottelage plastifi\u00e9 sur une face. Elle traite des banderoles d&rsquo;une largeur de 20 \u00e0 22 mm. Le d\u00e9clenchement se fait automatiquement au moyen d&rsquo;un capteur, [&hellip;]<\/p>\n","protected":false},"featured_media":54391,"template":"","meta":[],"product_brand":[],"product_cat":[2855],"product_tag":[],"class_list":{"0":"post-92546","1":"product","2":"type-product","3":"status-publish","4":"has-post-thumbnail","6":"product_cat-banderoleuses","7":"pa_hersteller-gerhard-busch","8":"pa_typ-tb-22","10":"first","11":"instock","12":"sold-individually","13":"taxable","14":"shipping-taxable","15":"purchasable","16":"product-type-simple"},"jetpack_sharing_enabled":true,"_links":{"self":[{"href":"https:\/\/www.3p-gmbh.de\/fr\/wp-json\/wp\/v2\/product\/92546","targetHints":{"allow":["GET"]}}],"collection":[{"href":"https:\/\/www.3p-gmbh.de\/fr\/wp-json\/wp\/v2\/product"}],"about":[{"href":"https:\/\/www.3p-gmbh.de\/fr\/wp-json\/wp\/v2\/types\/product"}],"wp:featuredmedia":[{"embeddable":true,"href":"https:\/\/www.3p-gmbh.de\/fr\/wp-json\/wp\/v2\/media\/54391"}],"wp:attachment":[{"href":"https:\/\/www.3p-gmbh.de\/fr\/wp-json\/wp\/v2\/media?parent=92546"}],"wp:term":[{"taxonomy":"product_brand","embeddable":true,"href":"https:\/\/www.3p-gmbh.de\/fr\/wp-json\/wp\/v2\/product_brand?post=92546"},{"taxonomy":"product_cat","embeddable":true,"href":"https:\/\/www.3p-gmbh.de\/fr\/wp-json\/wp\/v2\/product_cat?post=92546"},{"taxonomy":"product_tag","embeddable":true,"href":"https:\/\/www.3p-gmbh.de\/fr\/wp-json\/wp\/v2\/product_tag?post=92546"}],"curies":[{"name":"wp","href":"https:\/\/api.w.org\/{rel}","templated":true}]}}