{"id":92536,"date":"2019-07-11T13:52:01","date_gmt":"2019-07-11T13:52:01","guid":{"rendered":"https:\/\/www.3p-gmbh.de\/produkt\/busch-tb-24-ii-tableau-de-bord\/"},"modified":"2019-07-11T13:52:01","modified_gmt":"2019-07-11T13:52:01","slug":"tischbuendler-2","status":"publish","type":"product","link":"https:\/\/www.3p-gmbh.de\/fr\/produkt\/tischbuendler-2\/","title":{"rendered":"Busch TB-24 II Tableau de bord"},"content":{"rendered":"<ul>\n<li>Mat\u00e9riau de la liasse : papier kraft couch\u00e9 ou film polypropyl\u00e8ne transparent<\/li>\n<li>\u00c9quipement avec \u00e9cran num\u00e9rique, affichage des erreurs et r\u00e9gulation \u00e9lectronique de la temp\u00e9rature<\/li>\n<li>Possibilit\u00e9s de commande : D\u00e9clenchement individuel par bouton-poussoir, d\u00e9clenchement individuel par p\u00e9dale ou d\u00e9clenchement automatique par capteur<\/li>\n<li>largeur de bande 40mm ou 30mm<\/li>\n<li>longueur du rouleau pour le papier kraft 150 m, pour le film 200 m<\/li>\n<li>Capacit\u00e9 de la machine 20 &#8211; 25 cycles\/min<\/li>\n<li>max. Dimensions du ballot : 240 mm de large pour le ballottage de papier et 180 mm pour le ballottage de film, hauteur 150 mm , longueur illimit\u00e9e<\/li>\n<\/ul>\n","protected":false},"excerpt":{"rendered":"<p>Mat\u00e9riau de la liasse : papier kraft couch\u00e9 ou film polypropyl\u00e8ne transparent \u00c9quipement avec \u00e9cran num\u00e9rique, affichage des erreurs et r\u00e9gulation \u00e9lectronique de la temp\u00e9rature Possibilit\u00e9s de commande : D\u00e9clenchement individuel par bouton-poussoir, d\u00e9clenchement individuel par p\u00e9dale ou d\u00e9clenchement automatique par capteur largeur de bande 40mm ou 30mm longueur du rouleau pour le papier kraft [&hellip;]<\/p>\n","protected":false},"featured_media":54381,"template":"","meta":[],"product_brand":[],"product_cat":[2855],"product_tag":[],"class_list":{"0":"post-92536","1":"product","2":"type-product","3":"status-publish","4":"has-post-thumbnail","6":"product_cat-banderoleuses","7":"pa_baujahr-140","8":"pa_hersteller-gerhard-busch","9":"pa_typ-tb-24-ii-mit-grossrollenspender-grs","11":"first","12":"instock","13":"sold-individually","14":"taxable","15":"shipping-taxable","16":"purchasable","17":"product-type-simple"},"jetpack_sharing_enabled":true,"_links":{"self":[{"href":"https:\/\/www.3p-gmbh.de\/fr\/wp-json\/wp\/v2\/product\/92536","targetHints":{"allow":["GET"]}}],"collection":[{"href":"https:\/\/www.3p-gmbh.de\/fr\/wp-json\/wp\/v2\/product"}],"about":[{"href":"https:\/\/www.3p-gmbh.de\/fr\/wp-json\/wp\/v2\/types\/product"}],"wp:featuredmedia":[{"embeddable":true,"href":"https:\/\/www.3p-gmbh.de\/fr\/wp-json\/wp\/v2\/media\/54381"}],"wp:attachment":[{"href":"https:\/\/www.3p-gmbh.de\/fr\/wp-json\/wp\/v2\/media?parent=92536"}],"wp:term":[{"taxonomy":"product_brand","embeddable":true,"href":"https:\/\/www.3p-gmbh.de\/fr\/wp-json\/wp\/v2\/product_brand?post=92536"},{"taxonomy":"product_cat","embeddable":true,"href":"https:\/\/www.3p-gmbh.de\/fr\/wp-json\/wp\/v2\/product_cat?post=92536"},{"taxonomy":"product_tag","embeddable":true,"href":"https:\/\/www.3p-gmbh.de\/fr\/wp-json\/wp\/v2\/product_tag?post=92536"}],"curies":[{"name":"wp","href":"https:\/\/api.w.org\/{rel}","templated":true}]}}