{"id":92534,"date":"2019-07-11T13:52:01","date_gmt":"2019-07-11T13:52:01","guid":{"rendered":"https:\/\/www.3p-gmbh.de\/produkt\/systeme-demballage-a-poche-dair-fill-air-150\/"},"modified":"2019-07-11T13:52:01","modified_gmt":"2019-07-11T13:52:01","slug":"systeme-demballage-en-sachets-dair","status":"publish","type":"product","link":"https:\/\/www.3p-gmbh.de\/fr\/produkt\/systeme-demballage-en-sachets-dair\/","title":{"rendered":"Syst\u00e8me d&#8217;emballage \u00e0 poche d&rsquo;air Fill-Air 150"},"content":{"rendered":"<p>Les coussins d&rsquo;air ou les sachets \u00e0 bulles d&rsquo;air se distinguent comme un moyen d&#8217;emballage particuli\u00e8rement peu encombrant et propre. Le syst\u00e8me d&#8217;emballage fournit des coussins remplis d&rsquo;air \u00e0 la demande, ceux-ci offrent une excellente protection et un remplissage performant des cavit\u00e9s tout en r\u00e9duisant les mat\u00e9riaux et les co\u00fbts d&rsquo;exp\u00e9dition.<\/p>\n","protected":false},"excerpt":{"rendered":"<p>Les coussins d&rsquo;air ou les sachets \u00e0 bulles d&rsquo;air se distinguent comme un moyen d&#8217;emballage particuli\u00e8rement peu encombrant et propre. Le syst\u00e8me d&#8217;emballage fournit des coussins remplis d&rsquo;air \u00e0 la demande, ceux-ci offrent une excellente protection et un remplissage performant des cavit\u00e9s tout en r\u00e9duisant les mat\u00e9riaux et les co\u00fbts d&rsquo;exp\u00e9dition.<\/p>\n","protected":false},"featured_media":54382,"template":"","meta":[],"product_brand":[],"product_cat":[3024],"product_tag":[],"class_list":{"0":"post-92534","1":"product","2":"type-product","3":"status-publish","4":"has-post-thumbnail","6":"product_cat-emballage-sous-film-et-tenseur","7":"pa_baujahr-188","8":"pa_hersteller-sealed-air-corporation","9":"pa_typ-fill-air-150","11":"first","12":"instock","13":"sold-individually","14":"taxable","15":"shipping-taxable","16":"purchasable","17":"product-type-simple"},"jetpack_sharing_enabled":true,"_links":{"self":[{"href":"https:\/\/www.3p-gmbh.de\/fr\/wp-json\/wp\/v2\/product\/92534","targetHints":{"allow":["GET"]}}],"collection":[{"href":"https:\/\/www.3p-gmbh.de\/fr\/wp-json\/wp\/v2\/product"}],"about":[{"href":"https:\/\/www.3p-gmbh.de\/fr\/wp-json\/wp\/v2\/types\/product"}],"wp:featuredmedia":[{"embeddable":true,"href":"https:\/\/www.3p-gmbh.de\/fr\/wp-json\/wp\/v2\/media\/54382"}],"wp:attachment":[{"href":"https:\/\/www.3p-gmbh.de\/fr\/wp-json\/wp\/v2\/media?parent=92534"}],"wp:term":[{"taxonomy":"product_brand","embeddable":true,"href":"https:\/\/www.3p-gmbh.de\/fr\/wp-json\/wp\/v2\/product_brand?post=92534"},{"taxonomy":"product_cat","embeddable":true,"href":"https:\/\/www.3p-gmbh.de\/fr\/wp-json\/wp\/v2\/product_cat?post=92534"},{"taxonomy":"product_tag","embeddable":true,"href":"https:\/\/www.3p-gmbh.de\/fr\/wp-json\/wp\/v2\/product_tag?post=92534"}],"curies":[{"name":"wp","href":"https:\/\/api.w.org\/{rel}","templated":true}]}}