{"id":92532,"date":"2019-07-11T13:52:01","date_gmt":"2019-07-11T13:52:01","guid":{"rendered":"https:\/\/www.3p-gmbh.de\/produkt\/kallfass-universa-8060-100-machine-a-souder-en-angle-entierement-automatique\/"},"modified":"2019-07-11T13:52:01","modified_gmt":"2019-07-11T13:52:01","slug":"machine-a-souder-les-angles-entierement-automatique","status":"publish","type":"product","link":"https:\/\/www.3p-gmbh.de\/fr\/produkt\/machine-a-souder-les-angles-entierement-automatique\/","title":{"rendered":"Kallfass Universa 8060\/100 Machine \u00e0 souder en angle enti\u00e8rement automatique"},"content":{"rendered":"<ul>\n<li>Machine \u00e0 souder \u00e0 angle droit enti\u00e8rement automatique avec alimentation en produit en ligne et syst\u00e8me de soudage sans entretien, chauff\u00e9 en permanence<\/li>\n<li>Dimensions du cadre de soudage de 800 x 600 mm<\/li>\n<li>Tunnel de r\u00e9traction Compact 650 S<\/li>\n<\/ul>\n","protected":false},"excerpt":{"rendered":"<p>Machine \u00e0 souder \u00e0 angle droit enti\u00e8rement automatique avec alimentation en produit en ligne et syst\u00e8me de soudage sans entretien, chauff\u00e9 en permanence Dimensions du cadre de soudage de 800 x 600 mm Tunnel de r\u00e9traction Compact 650 S<\/p>\n","protected":false},"featured_media":54389,"template":"","meta":[],"product_brand":[],"product_cat":[3024],"product_tag":[],"class_list":{"0":"post-92532","1":"product","2":"type-product","3":"status-publish","4":"has-post-thumbnail","6":"product_cat-emballage-sous-film-et-tenseur","7":"pa_baujahr-123","8":"pa_hersteller-kallfass","9":"pa_typ-universa-8060-100","11":"first","12":"instock","13":"sold-individually","14":"taxable","15":"shipping-taxable","16":"purchasable","17":"product-type-simple"},"jetpack_sharing_enabled":true,"_links":{"self":[{"href":"https:\/\/www.3p-gmbh.de\/fr\/wp-json\/wp\/v2\/product\/92532","targetHints":{"allow":["GET"]}}],"collection":[{"href":"https:\/\/www.3p-gmbh.de\/fr\/wp-json\/wp\/v2\/product"}],"about":[{"href":"https:\/\/www.3p-gmbh.de\/fr\/wp-json\/wp\/v2\/types\/product"}],"wp:featuredmedia":[{"embeddable":true,"href":"https:\/\/www.3p-gmbh.de\/fr\/wp-json\/wp\/v2\/media\/54389"}],"wp:attachment":[{"href":"https:\/\/www.3p-gmbh.de\/fr\/wp-json\/wp\/v2\/media?parent=92532"}],"wp:term":[{"taxonomy":"product_brand","embeddable":true,"href":"https:\/\/www.3p-gmbh.de\/fr\/wp-json\/wp\/v2\/product_brand?post=92532"},{"taxonomy":"product_cat","embeddable":true,"href":"https:\/\/www.3p-gmbh.de\/fr\/wp-json\/wp\/v2\/product_cat?post=92532"},{"taxonomy":"product_tag","embeddable":true,"href":"https:\/\/www.3p-gmbh.de\/fr\/wp-json\/wp\/v2\/product_tag?post=92532"}],"curies":[{"name":"wp","href":"https:\/\/api.w.org\/{rel}","templated":true}]}}