{"id":92527,"date":"2019-07-11T13:52:01","date_gmt":"2019-07-11T13:52:01","guid":{"rendered":"https:\/\/www.3p-gmbh.de\/produkt\/banderoleuse-ats-tanner-ms-420-s\/"},"modified":"2019-07-11T13:52:01","modified_gmt":"2019-07-11T13:52:01","slug":"banderoleuse-3","status":"publish","type":"product","link":"https:\/\/www.3p-gmbh.de\/fr\/produkt\/banderoleuse-3\/","title":{"rendered":"Banderoleuse ATS Tanner MS 420 S"},"content":{"rendered":"<p>L&rsquo;appareil convient pour les produits sensibles jusqu&rsquo;au format A3, il est imm\u00e9diatement pr\u00eat \u00e0 l&#8217;emploi et ne n\u00e9cessite aucun temps de chauffe.<\/p>\n<ul>\n<li>Table avant courte pour les petits formats<\/li>\n<li>Groupe Heat seal pour bandes de papier et de film<\/li>\n<li>Commande par microprocesseur Conforme \u00e0 la norme CE<\/li>\n<li>But\u00e9e de paquet<\/li>\n<li>Rendement jusqu&rsquo;\u00e0 26 banderolages par minute<\/li>\n<li>Largeur de bande 30<\/li>\n<li>\u00c9lectricit\u00e9 230 V\/50 Hz, 115 V\/60 Hz<\/li>\n<li>Puissance absorb\u00e9e env. 0,2 kW<\/li>\n<li>Poids 32 kg<\/li>\n<li>largeur 560 mm, profondeur 300 mm, hauteur 470 mm<\/li>\n<li>Mat\u00e9riel utilis\u00e9 : Film de banderolage, Papier de banderolage, Mat\u00e9riel de banderolage imprim\u00e9<\/li>\n<\/ul>\n","protected":false},"excerpt":{"rendered":"<p>L&rsquo;appareil convient pour les produits sensibles jusqu&rsquo;au format A3, il est imm\u00e9diatement pr\u00eat \u00e0 l&#8217;emploi et ne n\u00e9cessite aucun temps de chauffe. Table avant courte pour les petits formats Groupe Heat seal pour bandes de papier et de film Commande par microprocesseur Conforme \u00e0 la norme CE But\u00e9e de paquet Rendement jusqu&rsquo;\u00e0 26 banderolages par [&hellip;]<\/p>\n","protected":false},"featured_media":54390,"template":"","meta":[],"product_brand":[],"product_cat":[2855],"product_tag":[],"class_list":{"0":"post-92527","1":"product","2":"type-product","3":"status-publish","4":"has-post-thumbnail","6":"product_cat-banderoleuses","7":"pa_baujahr-137","8":"pa_hersteller-uchida-ats-tanner","9":"pa_typ-ats-ms-420-s","11":"first","12":"instock","13":"sold-individually","14":"taxable","15":"shipping-taxable","16":"purchasable","17":"product-type-simple"},"jetpack_sharing_enabled":true,"_links":{"self":[{"href":"https:\/\/www.3p-gmbh.de\/fr\/wp-json\/wp\/v2\/product\/92527","targetHints":{"allow":["GET"]}}],"collection":[{"href":"https:\/\/www.3p-gmbh.de\/fr\/wp-json\/wp\/v2\/product"}],"about":[{"href":"https:\/\/www.3p-gmbh.de\/fr\/wp-json\/wp\/v2\/types\/product"}],"wp:featuredmedia":[{"embeddable":true,"href":"https:\/\/www.3p-gmbh.de\/fr\/wp-json\/wp\/v2\/media\/54390"}],"wp:attachment":[{"href":"https:\/\/www.3p-gmbh.de\/fr\/wp-json\/wp\/v2\/media?parent=92527"}],"wp:term":[{"taxonomy":"product_brand","embeddable":true,"href":"https:\/\/www.3p-gmbh.de\/fr\/wp-json\/wp\/v2\/product_brand?post=92527"},{"taxonomy":"product_cat","embeddable":true,"href":"https:\/\/www.3p-gmbh.de\/fr\/wp-json\/wp\/v2\/product_cat?post=92527"},{"taxonomy":"product_tag","embeddable":true,"href":"https:\/\/www.3p-gmbh.de\/fr\/wp-json\/wp\/v2\/product_tag?post=92527"}],"curies":[{"name":"wp","href":"https:\/\/api.w.org\/{rel}","templated":true}]}}