{"id":92522,"date":"2019-07-11T13:52:01","date_gmt":"2019-07-11T13:52:01","guid":{"rendered":"https:\/\/www.3p-gmbh.de\/produkt\/hugo-beck-sx-1750-packer-de-serie\/"},"modified":"2019-07-11T13:52:01","modified_gmt":"2019-07-11T13:52:01","slug":"emballeur-de-serie-2","status":"publish","type":"product","link":"https:\/\/www.3p-gmbh.de\/fr\/produkt\/emballeur-de-serie-2\/","title":{"rendered":"Hugo Beck SX 1750 Packer de s\u00e9rie"},"content":{"rendered":"<ul>\n<li>zone de travail r\u00e9glable de 170 \u00e0 500 mm (en utilisant une bande d&rsquo;entr\u00e9e de 150 mm de large)<\/li>\n<li>max. hauteur de l&#8217;emballage jusqu&rsquo;\u00e0 100 mm, selon le type, le format et la qualit\u00e9 du film du produit<\/li>\n<li>Longueur du produit variable sans r\u00e9glage<\/li>\n<\/ul>\n","protected":false},"excerpt":{"rendered":"<p>zone de travail r\u00e9glable de 170 \u00e0 500 mm (en utilisant une bande d&rsquo;entr\u00e9e de 150 mm de large) max. hauteur de l&#8217;emballage jusqu&rsquo;\u00e0 100 mm, selon le type, le format et la qualit\u00e9 du film du produit Longueur du produit variable sans r\u00e9glage<\/p>\n","protected":false},"featured_media":54372,"template":"","meta":[],"product_brand":[],"product_cat":[3024],"product_tag":[],"class_list":{"0":"post-92522","1":"product","2":"type-product","3":"status-publish","4":"has-post-thumbnail","6":"product_cat-emballage-sous-film-et-tenseur","7":"pa_baujahr-168","8":"pa_hersteller-beck","9":"pa_typ-sx-1750","11":"first","12":"instock","13":"sold-individually","14":"taxable","15":"shipping-taxable","16":"purchasable","17":"product-type-simple"},"jetpack_sharing_enabled":true,"_links":{"self":[{"href":"https:\/\/www.3p-gmbh.de\/fr\/wp-json\/wp\/v2\/product\/92522","targetHints":{"allow":["GET"]}}],"collection":[{"href":"https:\/\/www.3p-gmbh.de\/fr\/wp-json\/wp\/v2\/product"}],"about":[{"href":"https:\/\/www.3p-gmbh.de\/fr\/wp-json\/wp\/v2\/types\/product"}],"wp:featuredmedia":[{"embeddable":true,"href":"https:\/\/www.3p-gmbh.de\/fr\/wp-json\/wp\/v2\/media\/54372"}],"wp:attachment":[{"href":"https:\/\/www.3p-gmbh.de\/fr\/wp-json\/wp\/v2\/media?parent=92522"}],"wp:term":[{"taxonomy":"product_brand","embeddable":true,"href":"https:\/\/www.3p-gmbh.de\/fr\/wp-json\/wp\/v2\/product_brand?post=92522"},{"taxonomy":"product_cat","embeddable":true,"href":"https:\/\/www.3p-gmbh.de\/fr\/wp-json\/wp\/v2\/product_cat?post=92522"},{"taxonomy":"product_tag","embeddable":true,"href":"https:\/\/www.3p-gmbh.de\/fr\/wp-json\/wp\/v2\/product_tag?post=92522"}],"curies":[{"name":"wp","href":"https:\/\/api.w.org\/{rel}","templated":true}]}}