{"id":92514,"date":"2019-07-11T13:52:01","date_gmt":"2019-07-11T13:52:01","guid":{"rendered":"https:\/\/www.3p-gmbh.de\/produkt\/machine-a-retracter-les-housses-weileder-k-p-4255\/"},"modified":"2019-07-11T13:52:01","modified_gmt":"2019-07-11T13:52:01","slug":"appareil-a-retracter-les-capots","status":"publish","type":"product","link":"https:\/\/www.3p-gmbh.de\/fr\/produkt\/appareil-a-retracter-les-capots\/","title":{"rendered":"Machine \u00e0 r\u00e9tracter les housses Weileder K-P 4255"},"content":{"rendered":"<p>L&rsquo;appareil compact de r\u00e9traction de housses garantit une bonne performance d&#8217;emballage, est rapidement pr\u00eat \u00e0 travailler et peut \u00eatre facilement utilis\u00e9 par une seule personne. La marchandise \u00e0 emballer est alors plac\u00e9e sur la table de travail dans un film semi-rigide et sur la grille de support sous le capot. La fermeture du capot permet d&rsquo;effectuer la soudure de s\u00e9paration et, si on le souhaite, la r\u00e9traction. L&rsquo;appareil est \u00e9quip\u00e9 d&rsquo;un support de produit r\u00e9glable en hauteur, d&rsquo;un dispositif de perforation, d&rsquo;un r\u00e9glage de la temp\u00e9rature, d&rsquo;une commande \u00e9lectronique du temps de soudage et de r\u00e9traction et d&rsquo;un panneau de commande num\u00e9rique.<\/p>\n<ul>\n<li>capacit\u00e9 d&#8217;emballage env. 300 \/ h<\/li>\n<li>Films applicables (demi-tuyau) : POF \/ PP \/ PE \/ PVC<\/li>\n<li>Cadre de soudage 420 x 550 mm<\/li>\n<li>Hauteur du produit max. 250 mm<\/li>\n<li>Largeur de rouleau max. 600 mm<\/li>\n<li>Diam\u00e8tre max. des rouleaux 250 mm<\/li>\n<li>hauteur de travail 960 mm<\/li>\n<li>Puissance du moteur 3,7 KW<\/li>\n<li>Raccordement \u00e9lectrique 230 V<\/li>\n<li>Fusible automatique LS, 1p, B16A<\/li>\n<li>Consommation \u00e9lectrique env. 1,6 &#8211; 2,3 kWh<\/li>\n<\/ul>\n","protected":false},"excerpt":{"rendered":"<p>L&rsquo;appareil compact de r\u00e9traction de housses garantit une bonne performance d&#8217;emballage, est rapidement pr\u00eat \u00e0 travailler et peut \u00eatre facilement utilis\u00e9 par une seule personne. La marchandise \u00e0 emballer est alors plac\u00e9e sur la table de travail dans un film semi-rigide et sur la grille de support sous le capot. La fermeture du capot permet [&hellip;]<\/p>\n","protected":false},"featured_media":54360,"template":"","meta":[],"product_brand":[],"product_cat":[3024],"product_tag":[],"class_list":{"0":"post-92514","1":"product","2":"type-product","3":"status-publish","4":"has-post-thumbnail","6":"product_cat-emballage-sous-film-et-tenseur","7":"pa_baujahr-127","8":"pa_hersteller-weileder","9":"pa_typ-k-p-4255","11":"first","12":"instock","13":"sold-individually","14":"taxable","15":"shipping-taxable","16":"purchasable","17":"product-type-simple"},"jetpack_sharing_enabled":true,"_links":{"self":[{"href":"https:\/\/www.3p-gmbh.de\/fr\/wp-json\/wp\/v2\/product\/92514","targetHints":{"allow":["GET"]}}],"collection":[{"href":"https:\/\/www.3p-gmbh.de\/fr\/wp-json\/wp\/v2\/product"}],"about":[{"href":"https:\/\/www.3p-gmbh.de\/fr\/wp-json\/wp\/v2\/types\/product"}],"wp:featuredmedia":[{"embeddable":true,"href":"https:\/\/www.3p-gmbh.de\/fr\/wp-json\/wp\/v2\/media\/54360"}],"wp:attachment":[{"href":"https:\/\/www.3p-gmbh.de\/fr\/wp-json\/wp\/v2\/media?parent=92514"}],"wp:term":[{"taxonomy":"product_brand","embeddable":true,"href":"https:\/\/www.3p-gmbh.de\/fr\/wp-json\/wp\/v2\/product_brand?post=92514"},{"taxonomy":"product_cat","embeddable":true,"href":"https:\/\/www.3p-gmbh.de\/fr\/wp-json\/wp\/v2\/product_cat?post=92514"},{"taxonomy":"product_tag","embeddable":true,"href":"https:\/\/www.3p-gmbh.de\/fr\/wp-json\/wp\/v2\/product_tag?post=92514"}],"curies":[{"name":"wp","href":"https:\/\/api.w.org\/{rel}","templated":true}]}}