{"id":92513,"date":"2019-07-11T13:52:01","date_gmt":"2019-07-11T13:52:01","guid":{"rendered":"https:\/\/www.3p-gmbh.de\/produkt\/hugo-beck-s-17-32-5-packer-de-serie\/"},"modified":"2019-07-11T13:52:01","modified_gmt":"2019-07-11T13:52:01","slug":"emballeur-de-serie","status":"publish","type":"product","link":"https:\/\/www.3p-gmbh.de\/fr\/produkt\/emballeur-de-serie\/","title":{"rendered":"Hugo Beck S 17-32.5 packer de s\u00e9rie"},"content":{"rendered":"<ul>\n<li>Entr\u00e9e de la bande r\u00e9glable de 170 \u00e0 320 mm<\/li>\n<li>Tunnel de r\u00e9traction HV 400<\/li>\n<\/ul>\n","protected":false},"excerpt":{"rendered":"<p>Entr\u00e9e de la bande r\u00e9glable de 170 \u00e0 320 mm Tunnel de r\u00e9traction HV 400<\/p>\n","protected":false},"featured_media":54366,"template":"","meta":[],"product_brand":[],"product_cat":[3024],"product_tag":[],"class_list":{"0":"post-92513","1":"product","2":"type-product","3":"status-publish","4":"has-post-thumbnail","6":"product_cat-emballage-sous-film-et-tenseur","7":"pa_baujahr-221","8":"pa_hersteller-beck","9":"pa_typ-s-17-32-5-hv-400","11":"first","12":"instock","13":"sold-individually","14":"taxable","15":"shipping-taxable","16":"purchasable","17":"product-type-simple"},"jetpack_sharing_enabled":true,"_links":{"self":[{"href":"https:\/\/www.3p-gmbh.de\/fr\/wp-json\/wp\/v2\/product\/92513","targetHints":{"allow":["GET"]}}],"collection":[{"href":"https:\/\/www.3p-gmbh.de\/fr\/wp-json\/wp\/v2\/product"}],"about":[{"href":"https:\/\/www.3p-gmbh.de\/fr\/wp-json\/wp\/v2\/types\/product"}],"wp:featuredmedia":[{"embeddable":true,"href":"https:\/\/www.3p-gmbh.de\/fr\/wp-json\/wp\/v2\/media\/54366"}],"wp:attachment":[{"href":"https:\/\/www.3p-gmbh.de\/fr\/wp-json\/wp\/v2\/media?parent=92513"}],"wp:term":[{"taxonomy":"product_brand","embeddable":true,"href":"https:\/\/www.3p-gmbh.de\/fr\/wp-json\/wp\/v2\/product_brand?post=92513"},{"taxonomy":"product_cat","embeddable":true,"href":"https:\/\/www.3p-gmbh.de\/fr\/wp-json\/wp\/v2\/product_cat?post=92513"},{"taxonomy":"product_tag","embeddable":true,"href":"https:\/\/www.3p-gmbh.de\/fr\/wp-json\/wp\/v2\/product_tag?post=92513"}],"curies":[{"name":"wp","href":"https:\/\/api.w.org\/{rel}","templated":true}]}}