{"id":92496,"date":"2019-07-11T13:52:11","date_gmt":"2019-07-11T13:52:11","guid":{"rendered":"https:\/\/www.3p-gmbh.de\/produkt\/hunkeler-aspiration-hsa-zst-avec-presse-a-balles\/"},"modified":"2019-07-11T13:52:11","modified_gmt":"2019-07-11T13:52:11","slug":"aspiration-avec-presse-a-balles-automatique","status":"publish","type":"product","link":"https:\/\/www.3p-gmbh.de\/fr\/produkt\/aspiration-avec-presse-a-balles-automatique\/","title":{"rendered":"Hunkeler Aspiration HSA-ZST avec presse \u00e0 balles"},"content":{"rendered":"<ul>\n<li>Aspiration Hunkeler avec presse \u00e0 balles automatique Presse \u00e0 balles \u00e0 canal HSM<\/li>\n<li>Aspiration des rognures\/coupures de s\u00e9paration avec pressage automatique des balles pour la finition de l&rsquo;impression num\u00e9rique ou pour les restes de films sur les machines de marquage \u00e0 chaud, etc.<\/li>\n<\/ul>\n","protected":false},"excerpt":{"rendered":"<p>Aspiration Hunkeler avec presse \u00e0 balles automatique Presse \u00e0 balles \u00e0 canal HSM Aspiration des rognures\/coupures de s\u00e9paration avec pressage automatique des balles pour la finition de l&rsquo;impression num\u00e9rique ou pour les restes de films sur les machines de marquage \u00e0 chaud, etc.<\/p>\n","protected":false},"featured_media":57134,"template":"","meta":[],"product_brand":[],"product_cat":[2918],"product_tag":[],"class_list":{"0":"post-92496","1":"product","2":"type-product","3":"status-publish","4":"has-post-thumbnail","6":"product_cat-presses-fr","7":"pa_baujahr-140","8":"pa_hersteller-hunkeler-hsm","9":"pa_typ-kanalballenpresse-hsm-kp-80","11":"first","12":"instock","13":"sold-individually","14":"taxable","15":"shipping-taxable","16":"purchasable","17":"product-type-simple"},"jetpack_sharing_enabled":true,"_links":{"self":[{"href":"https:\/\/www.3p-gmbh.de\/fr\/wp-json\/wp\/v2\/product\/92496","targetHints":{"allow":["GET"]}}],"collection":[{"href":"https:\/\/www.3p-gmbh.de\/fr\/wp-json\/wp\/v2\/product"}],"about":[{"href":"https:\/\/www.3p-gmbh.de\/fr\/wp-json\/wp\/v2\/types\/product"}],"wp:featuredmedia":[{"embeddable":true,"href":"https:\/\/www.3p-gmbh.de\/fr\/wp-json\/wp\/v2\/media\/57134"}],"wp:attachment":[{"href":"https:\/\/www.3p-gmbh.de\/fr\/wp-json\/wp\/v2\/media?parent=92496"}],"wp:term":[{"taxonomy":"product_brand","embeddable":true,"href":"https:\/\/www.3p-gmbh.de\/fr\/wp-json\/wp\/v2\/product_brand?post=92496"},{"taxonomy":"product_cat","embeddable":true,"href":"https:\/\/www.3p-gmbh.de\/fr\/wp-json\/wp\/v2\/product_cat?post=92496"},{"taxonomy":"product_tag","embeddable":true,"href":"https:\/\/www.3p-gmbh.de\/fr\/wp-json\/wp\/v2\/product_tag?post=92496"}],"curies":[{"name":"wp","href":"https:\/\/api.w.org\/{rel}","templated":true}]}}