{"id":92491,"date":"2019-07-11T13:52:17","date_gmt":"2019-07-11T13:52:17","guid":{"rendered":"https:\/\/www.3p-gmbh.de\/produkt\/heidelberg-sm-52-2-p-presse-offset-deux-couleurs\/"},"modified":"2019-07-11T13:52:17","modified_gmt":"2019-07-11T13:52:17","slug":"speedmaster","status":"publish","type":"product","link":"https:\/\/www.3p-gmbh.de\/fr\/produkt\/speedmaster\/","title":{"rendered":"Heidelberg SM 52-2-P Presse offset deux couleurs"},"content":{"rendered":"<ul>\n<li>Format 37 x 52 cm<\/li>\n<li>CP-Tronic<\/li>\n<li>el. Contr\u00f4le des marques de tirage<\/li>\n<li>Contr\u00f4le des \u00e9cailles<\/li>\n<li>D\u00e9ionisation Eltex dans les margeurs et les pr\u00e9sentoirs<\/li>\n<li>Version Plus<\/li>\n<li>Retournement 1\/1 ou 2\/0 en couleur<\/li>\n<li>Alcolor V avec Variosystem<\/li>\n<\/ul>\n","protected":false},"excerpt":{"rendered":"<p>Format 37 x 52 cm CP-Tronic el. Contr\u00f4le des marques de tirage Contr\u00f4le des \u00e9cailles D\u00e9ionisation Eltex dans les margeurs et les pr\u00e9sentoirs Version Plus Retournement 1\/1 ou 2\/0 en couleur Alcolor V avec Variosystem<\/p>\n","protected":false},"featured_media":54475,"template":"","meta":[],"product_brand":[],"product_cat":[3078],"product_tag":[],"class_list":{"0":"post-92491","1":"product","2":"type-product","3":"status-publish","4":"has-post-thumbnail","6":"product_cat-offset-a-feuilles-2-couleurs","7":"pa_baujahr-168","8":"pa_hersteller-heidelberg","9":"pa_typ-sm-52-2-p","11":"first","12":"instock","13":"sold-individually","14":"taxable","15":"shipping-taxable","16":"purchasable","17":"product-type-simple"},"jetpack_sharing_enabled":true,"_links":{"self":[{"href":"https:\/\/www.3p-gmbh.de\/fr\/wp-json\/wp\/v2\/product\/92491","targetHints":{"allow":["GET"]}}],"collection":[{"href":"https:\/\/www.3p-gmbh.de\/fr\/wp-json\/wp\/v2\/product"}],"about":[{"href":"https:\/\/www.3p-gmbh.de\/fr\/wp-json\/wp\/v2\/types\/product"}],"wp:featuredmedia":[{"embeddable":true,"href":"https:\/\/www.3p-gmbh.de\/fr\/wp-json\/wp\/v2\/media\/54475"}],"wp:attachment":[{"href":"https:\/\/www.3p-gmbh.de\/fr\/wp-json\/wp\/v2\/media?parent=92491"}],"wp:term":[{"taxonomy":"product_brand","embeddable":true,"href":"https:\/\/www.3p-gmbh.de\/fr\/wp-json\/wp\/v2\/product_brand?post=92491"},{"taxonomy":"product_cat","embeddable":true,"href":"https:\/\/www.3p-gmbh.de\/fr\/wp-json\/wp\/v2\/product_cat?post=92491"},{"taxonomy":"product_tag","embeddable":true,"href":"https:\/\/www.3p-gmbh.de\/fr\/wp-json\/wp\/v2\/product_tag?post=92491"}],"curies":[{"name":"wp","href":"https:\/\/api.w.org\/{rel}","templated":true}]}}