{"id":92472,"date":"2019-07-11T13:52:17","date_gmt":"2019-07-11T13:52:17","guid":{"rendered":"https:\/\/www.3p-gmbh.de\/produkt\/heidelberg-gtoz-46-presse-offset-deux-couleurs\/"},"modified":"2019-07-11T13:52:17","modified_gmt":"2019-07-11T13:52:17","slug":"bicolore-2","status":"publish","type":"product","link":"https:\/\/www.3p-gmbh.de\/fr\/produkt\/bicolore-2\/","title":{"rendered":"Heidelberg GTOZ-46 Presse offset deux couleurs"},"content":{"rendered":"<ul>\n<li>incl. Unit\u00e9 d&rsquo;impression pour la num\u00e9rotation et arbre de perforation transversal suppl\u00e9mentaire<\/li>\n<li>sans retournement d&rsquo;arc<\/li>\n<li>format 32x46cm<\/li>\n<li>Humidification du molleton<\/li>\n<\/ul>\n","protected":false},"excerpt":{"rendered":"<p>incl. Unit\u00e9 d&rsquo;impression pour la num\u00e9rotation et arbre de perforation transversal suppl\u00e9mentaire sans retournement d&rsquo;arc format 32x46cm Humidification du molleton<\/p>\n","protected":false},"featured_media":54457,"template":"","meta":[],"product_brand":[],"product_cat":[3078],"product_tag":[],"class_list":{"0":"post-92472","1":"product","2":"type-product","3":"status-publish","4":"has-post-thumbnail","6":"product_cat-offset-a-feuilles-2-couleurs","7":"pa_baujahr-282","8":"pa_hersteller-heidelberg","9":"pa_typ-gtoz-46-np","11":"first","12":"instock","13":"sold-individually","14":"taxable","15":"shipping-taxable","16":"purchasable","17":"product-type-simple"},"jetpack_sharing_enabled":true,"_links":{"self":[{"href":"https:\/\/www.3p-gmbh.de\/fr\/wp-json\/wp\/v2\/product\/92472","targetHints":{"allow":["GET"]}}],"collection":[{"href":"https:\/\/www.3p-gmbh.de\/fr\/wp-json\/wp\/v2\/product"}],"about":[{"href":"https:\/\/www.3p-gmbh.de\/fr\/wp-json\/wp\/v2\/types\/product"}],"wp:featuredmedia":[{"embeddable":true,"href":"https:\/\/www.3p-gmbh.de\/fr\/wp-json\/wp\/v2\/media\/54457"}],"wp:attachment":[{"href":"https:\/\/www.3p-gmbh.de\/fr\/wp-json\/wp\/v2\/media?parent=92472"}],"wp:term":[{"taxonomy":"product_brand","embeddable":true,"href":"https:\/\/www.3p-gmbh.de\/fr\/wp-json\/wp\/v2\/product_brand?post=92472"},{"taxonomy":"product_cat","embeddable":true,"href":"https:\/\/www.3p-gmbh.de\/fr\/wp-json\/wp\/v2\/product_cat?post=92472"},{"taxonomy":"product_tag","embeddable":true,"href":"https:\/\/www.3p-gmbh.de\/fr\/wp-json\/wp\/v2\/product_tag?post=92472"}],"curies":[{"name":"wp","href":"https:\/\/api.w.org\/{rel}","templated":true}]}}