{"id":92470,"date":"2019-07-11T13:52:17","date_gmt":"2019-07-11T13:52:17","guid":{"rendered":"https:\/\/www.3p-gmbh.de\/produkt\/roland-practica-00-machine-dimpression-offset-monochrome\/"},"modified":"2019-07-11T13:52:17","modified_gmt":"2019-07-11T13:52:17","slug":"format-monochrome-tgo","status":"publish","type":"product","link":"https:\/\/www.3p-gmbh.de\/fr\/produkt\/format-monochrome-tgo\/","title":{"rendered":"Roland Practica 00 Machine d&rsquo;impression offset monochrome"},"content":{"rendered":"<ul>\n<li>format 360 x 520mm<\/li>\n<li>Amarrage \u00e0 la remise avec table \u00e0 ruban<\/li>\n<li>avec le syst\u00e8me de mouillage par film Rolandmatic avec traitement de l&rsquo;eau de mouillage<\/li>\n<li>capacit\u00e9 de 10.000 feuilles par heure<\/li>\n<li>4 rouleaux d&rsquo;application d&rsquo;encre, 2 rouleaux d&rsquo;application de mouillage<\/li>\n<li>Dimensions L 1,45m, l 1,38m, H 1,69m<\/li>\n<li>Raccordement : 400 volts 50-60 Hz 6,2 kWatt<\/li>\n<li>Poids 1780 kg<\/li>\n<li>incl. Accessoires et outils standard<\/li>\n<li>Poin\u00e7onneuse \u00e0 registre de plaques et baguettes d&rsquo;ajustage<\/li>\n<\/ul>\n","protected":false},"excerpt":{"rendered":"<p>format 360 x 520mm Amarrage \u00e0 la remise avec table \u00e0 ruban avec le syst\u00e8me de mouillage par film Rolandmatic avec traitement de l&rsquo;eau de mouillage capacit\u00e9 de 10.000 feuilles par heure 4 rouleaux d&rsquo;application d&rsquo;encre, 2 rouleaux d&rsquo;application de mouillage Dimensions L 1,45m, l 1,38m, H 1,69m Raccordement : 400 volts 50-60 Hz 6,2 [&hellip;]<\/p>\n","protected":false},"featured_media":54449,"template":"","meta":[],"product_brand":[],"product_cat":[3104],"product_tag":[],"class_list":{"0":"post-92470","1":"product","2":"type-product","3":"status-publish","4":"has-post-thumbnail","6":"product_cat-offset-a-feuilles-1-couleur","7":"pa_baujahr-158","8":"pa_hersteller-man-roland-edelmann","9":"pa_typ-practica-00","11":"first","12":"instock","13":"sold-individually","14":"taxable","15":"shipping-taxable","16":"purchasable","17":"product-type-simple"},"jetpack_sharing_enabled":true,"_links":{"self":[{"href":"https:\/\/www.3p-gmbh.de\/fr\/wp-json\/wp\/v2\/product\/92470","targetHints":{"allow":["GET"]}}],"collection":[{"href":"https:\/\/www.3p-gmbh.de\/fr\/wp-json\/wp\/v2\/product"}],"about":[{"href":"https:\/\/www.3p-gmbh.de\/fr\/wp-json\/wp\/v2\/types\/product"}],"wp:featuredmedia":[{"embeddable":true,"href":"https:\/\/www.3p-gmbh.de\/fr\/wp-json\/wp\/v2\/media\/54449"}],"wp:attachment":[{"href":"https:\/\/www.3p-gmbh.de\/fr\/wp-json\/wp\/v2\/media?parent=92470"}],"wp:term":[{"taxonomy":"product_brand","embeddable":true,"href":"https:\/\/www.3p-gmbh.de\/fr\/wp-json\/wp\/v2\/product_brand?post=92470"},{"taxonomy":"product_cat","embeddable":true,"href":"https:\/\/www.3p-gmbh.de\/fr\/wp-json\/wp\/v2\/product_cat?post=92470"},{"taxonomy":"product_tag","embeddable":true,"href":"https:\/\/www.3p-gmbh.de\/fr\/wp-json\/wp\/v2\/product_tag?post=92470"}],"curies":[{"name":"wp","href":"https:\/\/api.w.org\/{rel}","templated":true}]}}