{"id":92444,"date":"2019-07-11T13:51:36","date_gmt":"2019-07-11T13:51:36","guid":{"rendered":"https:\/\/www.3p-gmbh.de\/produkt\/hugo-beck-flexo-500-s-machine-demballage-sous-film-horizontale\/"},"modified":"2019-07-11T13:51:36","modified_gmt":"2019-07-11T13:51:36","slug":"ligne-demballage-sous-film-horizontale","status":"publish","type":"product","link":"https:\/\/www.3p-gmbh.de\/fr\/produkt\/ligne-demballage-sous-film-horizontale\/","title":{"rendered":"Hugo Beck Flexo 500 S Machine d&#8217;emballage sous film horizontale"},"content":{"rendered":"<ul>\n<li>Machine d&#8217;emballage sous film avec largeur de film max. 500 mm<\/li>\n<li>Alimentation manuelle des produits en tant que machine autonome ou automatique en ligne<\/li>\n<li>mat\u00e9riau utilis\u00e9 film PE, PO, biofilm, demi-tube et film plat<\/li>\n<li>Dimensions du produit Longueur \u00e0 partir de 45 mm, largeur 10 &#8211; 450 mm, hauteur max. 250 mm<\/li>\n<li>Tunnel de r\u00e9traction Hugo Beck SLB 5015 \/ 23e<\/li>\n<li>Bande d&rsquo;entr\u00e9e et de sortie 100 cm<\/li>\n<\/ul>\n","protected":false},"excerpt":{"rendered":"<p>Machine d&#8217;emballage sous film avec largeur de film max. 500 mm Alimentation manuelle des produits en tant que machine autonome ou automatique en ligne mat\u00e9riau utilis\u00e9 film PE, PO, biofilm, demi-tube et film plat Dimensions du produit Longueur \u00e0 partir de 45 mm, largeur 10 &#8211; 450 mm, hauteur max. 250 mm Tunnel de r\u00e9traction [&hellip;]<\/p>\n","protected":false},"featured_media":57196,"template":"","meta":[],"product_brand":[],"product_cat":[3024],"product_tag":[],"class_list":{"0":"post-92444","1":"product","2":"type-product","3":"status-publish","4":"has-post-thumbnail","6":"product_cat-emballage-sous-film-et-tenseur","7":"pa_baujahr-143","8":"pa_hersteller-hugo-beck","9":"pa_typ-flexo-500-s-mit-slb-5015-23e","11":"first","12":"instock","13":"sold-individually","14":"taxable","15":"shipping-taxable","16":"purchasable","17":"product-type-simple"},"jetpack_sharing_enabled":true,"_links":{"self":[{"href":"https:\/\/www.3p-gmbh.de\/fr\/wp-json\/wp\/v2\/product\/92444","targetHints":{"allow":["GET"]}}],"collection":[{"href":"https:\/\/www.3p-gmbh.de\/fr\/wp-json\/wp\/v2\/product"}],"about":[{"href":"https:\/\/www.3p-gmbh.de\/fr\/wp-json\/wp\/v2\/types\/product"}],"wp:featuredmedia":[{"embeddable":true,"href":"https:\/\/www.3p-gmbh.de\/fr\/wp-json\/wp\/v2\/media\/57196"}],"wp:attachment":[{"href":"https:\/\/www.3p-gmbh.de\/fr\/wp-json\/wp\/v2\/media?parent=92444"}],"wp:term":[{"taxonomy":"product_brand","embeddable":true,"href":"https:\/\/www.3p-gmbh.de\/fr\/wp-json\/wp\/v2\/product_brand?post=92444"},{"taxonomy":"product_cat","embeddable":true,"href":"https:\/\/www.3p-gmbh.de\/fr\/wp-json\/wp\/v2\/product_cat?post=92444"},{"taxonomy":"product_tag","embeddable":true,"href":"https:\/\/www.3p-gmbh.de\/fr\/wp-json\/wp\/v2\/product_tag?post=92444"}],"curies":[{"name":"wp","href":"https:\/\/api.w.org\/{rel}","templated":true}]}}