{"id":92437,"date":"2019-07-11T13:51:44","date_gmt":"2019-07-11T13:51:44","guid":{"rendered":"https:\/\/www.3p-gmbh.de\/produkt\/cercleuse-en-ligne-mosca-ro-tr-600-4-avec-cercleuse-en-ligne-mosca-ro-tri\/"},"modified":"2019-07-11T13:51:44","modified_gmt":"2019-07-11T13:51:44","slug":"machine-a-cercler-en-ligne","status":"publish","type":"product","link":"https:\/\/www.3p-gmbh.de\/fr\/produkt\/machine-a-cercler-en-ligne\/","title":{"rendered":"Cercleuse en ligne Mosca RO-TR 600-4 avec cercleuse en ligne Mosca RO-TRi"},"content":{"rendered":"<p><strong>Cercleuse en ligne Mosca RO-TR 600-4<\/strong><br \/>\n<strong>Ann\u00e9e de construction : 2005<\/strong><br \/>\n2 328 953 cerclages \u00e0 ce jour<br \/>\nalignement lat\u00e9ral des paquets<br \/>\nDouble pressage<br \/>\nLampe de signalisation en 3 parties avec message de fin de bande<br \/>\nBut\u00e9e horizontale double<br \/>\nDiffuseur 600x600mm<br \/>\nlargeur de bande : 4-9 mm<br \/>\nTension de la bande r\u00e9glable en continu<br \/>\nCerclage\/min : env.40 Cycles\/min.<\/p>\n<p><strong>Cercleuse en ligne \u00e0 croix Mosca RO-TRi  <\/strong><br \/>\n<strong>Ann\u00e9e de construction 2002<\/strong><br \/>\n5 902 176 cerclages \u00e0 ce jour<\/p>\n","protected":false},"excerpt":{"rendered":"<p>Cercleuse en ligne Mosca RO-TR 600-4 Ann\u00e9e de construction : 2005 2 328 953 cerclages \u00e0 ce jour alignement lat\u00e9ral des paquets Double pressage Lampe de signalisation en 3 parties avec message de fin de bande But\u00e9e horizontale double Diffuseur 600x600mm largeur de bande : 4-9 mm Tension de la bande r\u00e9glable en continu Cerclage\/min [&hellip;]<\/p>\n","protected":false},"featured_media":54281,"template":"","meta":[],"product_brand":[],"product_cat":[3002],"product_tag":[],"class_list":{"0":"post-92437","1":"product","2":"type-product","3":"status-publish","4":"has-post-thumbnail","6":"product_cat-machines-de-cerclage","7":"pa_baujahr-153","8":"pa_baujahr-168","9":"pa_hersteller-gerd-mosca","10":"pa_typ-ro-tr-600-4","11":"pa_typ-ro-tri","13":"first","14":"instock","15":"sold-individually","16":"taxable","17":"shipping-taxable","18":"purchasable","19":"product-type-simple"},"jetpack_sharing_enabled":true,"_links":{"self":[{"href":"https:\/\/www.3p-gmbh.de\/fr\/wp-json\/wp\/v2\/product\/92437","targetHints":{"allow":["GET"]}}],"collection":[{"href":"https:\/\/www.3p-gmbh.de\/fr\/wp-json\/wp\/v2\/product"}],"about":[{"href":"https:\/\/www.3p-gmbh.de\/fr\/wp-json\/wp\/v2\/types\/product"}],"wp:featuredmedia":[{"embeddable":true,"href":"https:\/\/www.3p-gmbh.de\/fr\/wp-json\/wp\/v2\/media\/54281"}],"wp:attachment":[{"href":"https:\/\/www.3p-gmbh.de\/fr\/wp-json\/wp\/v2\/media?parent=92437"}],"wp:term":[{"taxonomy":"product_brand","embeddable":true,"href":"https:\/\/www.3p-gmbh.de\/fr\/wp-json\/wp\/v2\/product_brand?post=92437"},{"taxonomy":"product_cat","embeddable":true,"href":"https:\/\/www.3p-gmbh.de\/fr\/wp-json\/wp\/v2\/product_cat?post=92437"},{"taxonomy":"product_tag","embeddable":true,"href":"https:\/\/www.3p-gmbh.de\/fr\/wp-json\/wp\/v2\/product_tag?post=92437"}],"curies":[{"name":"wp","href":"https:\/\/api.w.org\/{rel}","templated":true}]}}